{"id":272,"date":"2024-09-02T10:41:20","date_gmt":"2024-09-02T10:41:20","guid":{"rendered":"https:\/\/kinmarkets.com\/about-us\/"},"modified":"2025-06-23T07:09:17","modified_gmt":"2025-06-23T07:09:17","slug":"about-us","status":"publish","type":"page","link":"https:\/\/kinmarkets.com\/de\/about-us\/","title":{"rendered":"About us"},"content":{"rendered":"<div class=\"inner-page-wrap about-us-page\">\r\n    \r\n\t<div class=\"aup-top\">\r\n       <div class=\"container\">\r\n           <div class=\"row\"> \r\n              <div class=\"col-lg-7\">\r\n                  <div class=\"row\">\r\n\t\t\t\t  \t <div class=\"col-lg-12\">\r\n\t\t\t\t\t      <h2>Willkommen bei KinMarkets \u2013 Ihr Tor zum strategischen Handel!<\/h2>\r\n\t\t\t\t\t      <p>Bei KinMarkets hei\u00dfen wir H\u00e4ndler aller Erfahrungsstufen herzlich willkommen, die einen dynamischen und strategischen Ansatz f\u00fcr die Finanzm\u00e4rkte suchen. Unsere Plattform ist mehr als nur ein Ort f\u00fcr Handelsausf\u00fchrungen \u2013 sie ist ein Zugang zu einer Welt strategischer Einblicke, ma\u00dfgeschneiderter L\u00f6sungen und einer lebendigen Community gleichgesinnter Menschen.<\/p>\r\n                     <\/div>\r\n\t\t\t\t\t <div class=\"col-lg-6\">\r\n\t\t\t\t\t     <div class=\"aup-box\">\r\n\t\t\t\t\t\t     <h3>Strategische Einblicke<\/h3>\r\n\t\t\t\t\t\t    <p>Ob Sie Daytrader oder langfristiger Investor sind \u2013 unsere Plattform bietet Ihnen die Flexibilit\u00e4t und Werkzeuge, um Ihre Handelsstrategie effektiv umzusetzen.<\/p>\t\t\r\n\t\t\t\t\t     <\/div>\r\n\t\t\t\t\t<\/div>\r\n\t\t\t\t\t<div class=\"col-lg-6\">\r\n\t\t\t\t\t    <div class=\"aup-box\">\r\n                            <h3>Flexibilit\u00e4t<\/h3>\r\n\t\t\t\t\t\t    <p>Unser Team erfahrener Marktanalysten liefert Ihnen strategische Einblicke, die Ihnen helfen, Markttrends zu verstehen und fundierte Entscheidungen zu treffen.<\/p>\t\t\r\n\t\t\t\t\t     <\/div>\r\n\t\t\t        <\/div>\t\t\t \r\n\t\t       <\/div>\t\t \r\n           <\/div>\r\n\t\t   <div class=\"col-lg-5\">\r\n\t\t       <img decoding=\"async\" class=\"img-fluid\" src=\"\/wp-content\/themes\/website-theme\/images\/ab-img.jpg\" alt=\"\">\r\n\t\t   <\/div>\r\n        <\/div>\r\n     <\/div>\r\n <\/div>\r\n\t \r\n  <div class=\"section hp-aboutus-section\">\r\n    <div class=\"container\">\r\n   \r\n   <div class=\"about-us-top\">\r\n\t<div class=\"row\">\r\n      <div class=\"col-lg-12\">\r\n\t\t<h3>\u00dcber uns<\/h3>\r\n\t    <h2><span>Vertrauen Sie<\/span> auf unsere preisgekr\u00f6nte Brokerage<\/h2>\r\n        <p>Willkommen bei KinMarkets \u2013 wo Wohlstand auf Individualit\u00e4t trifft. Unsere Plattform ist darauf ausgelegt, Ihre individuellen Handelsbed\u00fcrfnisse zu erf\u00fcllen, und bietet einen personalisierten Weg zum finanziellen Erfolg. Mit einem Fokus auf benutzerzentriertem Design und professionellem Support ist KinMarkets die Plattform, auf der Ihre pers\u00f6nlichen Finanzziele den effektivsten Weg zur Umsetzung finden. Unser Engagement f\u00fcr nahtlose Erlebnisse auf modernen Plattformen steht im Einklang mit unserer Vision, eine Erfolgsspur zu schaffen, die bei jedem H\u00e4ndler Anklang findet. Feiern Sie mit uns ein Vierteljahrhundert erfolgreicher Arbeit und gestalten Sie mit uns die Zukunft des Brokerwesens.<\/p>\r\n      <\/div>\r\n    <\/div>\r\n   <\/div>\r\n\t\r\n   <div class=\"about-us-bottom\">\r\n    <div class=\"ab-border clearfix\">\r\n      <div class=\"row\">\r\n       <div class=\"col-lg-12\">\r\n        <div class=\"grey-box\">\r\n          <h2>Warum CFDs f\u00fcr Ihr<span> Anlageportfolio w\u00e4hlen?<\/span><\/h2>\r\n          <p>Der CFD-Handel bietet mehrere entscheidende Vorteile, die ihn sowohl f\u00fcr Anf\u00e4nger als auch f\u00fcr erfahrene Investoren attraktiv machen. Wer die Vorteile von CFDs versteht, kann Marktentwicklungen optimal nutzen und Risiken effektiv managen.<\/p>\r\n        <\/div>\r\n       <\/div>\r\n       <\/div>\r\n    <\/div>\r\n    <div class=\"ab-border clearfix\">\r\n      <div class=\"row\">\r\n       <div class=\"col-lg-6\">\r\n         <div class=\"grey-box\">\r\n            <h4>Hebelwirkung f\u00fcr maximale Marktexponierung<\/h4>\r\n            <p>CFDs erm\u00f6glichen den Handel mit Hebelwirkung, sodass H\u00e4ndler gr\u00f6\u00dfere Positionen mit einer geringeren Anfangsinvestition kontrollieren k\u00f6nnen. Dies steigert potenzielle Gewinne, erh\u00f6ht jedoch auch Verluste \u2013 effektives Risikomanagement ist daher entscheidend.<\/p>\r\n         <\/div>\r\n       <\/div>\r\n       <div class=\"col-lg-6\">\r\n          <img decoding=\"async\" class=\"img-fluid\" src=\"\/wp-content\/themes\/website-theme\/images\/S02-img-01.png\" alt=\"\">\r\n       <\/div>\r\n      <\/div>\r\n    <\/div>\r\n    <div class=\"ab-border clearfix\">\r\n      <div class=\"row\">\r\n       <div class=\"col-lg-6\">\r\n          <img decoding=\"async\" class=\"img-fluid\" src=\"\/wp-content\/themes\/website-theme\/images\/S02-img-02.png\" alt=\"\">\r\n       <\/div>\r\n       <div class=\"col-lg-6\">\r\n         <div class=\"grey-box\">\r\n            <h4>Zugang zu mehreren Anlageklassen<\/h4>\r\n            <p>Mit CFDs k\u00f6nnen Sie auf verschiedenen M\u00e4rkten handeln \u2013 darunter Devisen, Rohstoffe, Indizes und Kryptow\u00e4hrungen \u2013 alles \u00fcber eine einzige Plattform. Dieser breite Marktzugang erm\u00f6glicht es H\u00e4ndlern, ihre Portfolios zu diversifizieren und globale Chancen zu nutzen.<\/p>\r\n         <\/div>\r\n       <\/div>\r\n      <\/div>\r\n    <\/div>\r\n   <\/div>\r\n  \r\n  <\/div>\r\n<\/div>\r\n\t \r\n<div class=\"section journey-section\">\r\n  <div class=\"container\">\r\n  <div class=\"journey-left-line\"> \r\n    <div class=\"row\">\r\n\t\r\n\t  <div class=\"col-lg-12\">\r\n\t    <h2><span>Ihre Reise<\/span> zum<br> Gewinn beginnt hier<\/h2>\r\n\t\t<a class=\"common-btn\" href=\"\">Jetzt entdecken<\/a>\r\n\t  <\/div>\r\n\t  \r\n\t  <div class=\"clearfix\"><\/div>\r\n\t  \r\n\t  <div class=\"col-lg-4\">\r\n\t     <div class=\"js-box\">\r\n\t\t   <div class=\"icon js01\"><\/div>\r\n\t\t   <h3>Integrit\u00e4t<\/h3>\r\n\t\t   <p>Integrit\u00e4t ist das Fundament unseres Handelns. Wir agieren mit gr\u00f6\u00dfter Transparenz und ethischen Standards, um sicherzustellen, dass jeder Kunde fair und ehrlich behandelt wird.<\/p>\r\n\t\t <\/div>\r\n\t  <\/div>\r\n\t  <div class=\"col-lg-4\">\r\n\t     <div class=\"js-box\">\r\n\t\t   <div class=\"icon js02\"><\/div>\r\n\t\t   <h3>Innovation<\/h3>\r\n\t\t   <p>Wir setzen auf modernste Technologien und Handelsstrategien. Unser Streben nach Exzellenz ist unerm\u00fcdlich, da wir st\u00e4ndig daran arbeiten, unsere Dienstleistungen zu verbessern und unseren Kunden einen Marktvorteil zu verschaffen.<\/p>\r\n\t\t <\/div>\r\n\t  <\/div>\r\n\t  <div class=\"col-lg-4\">\r\n\t     <div class=\"js-box\">\r\n\t\t   <div class=\"icon js03\"><\/div>\r\n\t\t   <h3>Erm\u00e4chtigung<\/h3>\r\n\t\t   <p>Unser oberstes Ziel ist es, Einzelpersonen und Organisationen zu bef\u00e4higen, ihre finanzielle Zukunft selbst in die Hand zu nehmen. Wir glauben, dass die Finanzm\u00e4rkte f\u00fcr alle zug\u00e4nglich sein sollten \u2013 durch Bildung und Unterst\u00fctzung ebnen wir den Weg daf\u00fcr.<\/p>\r\n\t\t <\/div>\r\n\t  <\/div> \r\n\t  \r\n\t<\/div>\r\n\t<\/div>\r\n  <\/div>\r\n<\/div>\t  \r\n\r\n<\/div>","protected":false},"excerpt":{"rendered":"Willkommen bei KinMarkets \u2013 Ihr Tor zum strategischen Handel! Bei KinMarkets hei\u00dfen wir H\u00e4ndler aller Erfahrungsstufen herzlich willkommen, die einen dynamischen und strategischen Ansatz f\u00fcr die Finanzm\u00e4rkte suchen. Unsere Plattform ist mehr als nur ein Ort f\u00fcr Handelsausf\u00fchrungen \u2013 sie ist ein Zugang zu einer Welt strategischer Einblicke, ma\u00dfgeschneiderter L\u00f6sungen und einer lebendigen Community gleichgesinnter &hellip;","protected":false},"author":1,"featured_media":0,"parent":0,"menu_order":0,"comment_status":"closed","ping_status":"closed","template":"fullwidth-page.php","meta":{"footnotes":""},"class_list":["post-272","page","type-page","status-publish","hentry"],"_links":{"self":[{"href":"https:\/\/kinmarkets.com\/de\/wp-json\/wp\/v2\/pages\/272","targetHints":{"allow":["GET"]}}],"collection":[{"href":"https:\/\/kinmarkets.com\/de\/wp-json\/wp\/v2\/pages"}],"about":[{"href":"https:\/\/kinmarkets.com\/de\/wp-json\/wp\/v2\/types\/page"}],"author":[{"embeddable":true,"href":"https:\/\/kinmarkets.com\/de\/wp-json\/wp\/v2\/users\/1"}],"replies":[{"embeddable":true,"href":"https:\/\/kinmarkets.com\/de\/wp-json\/wp\/v2\/comments?post=272"}],"version-history":[{"count":3,"href":"https:\/\/kinmarkets.com\/de\/wp-json\/wp\/v2\/pages\/272\/revisions"}],"predecessor-version":[{"id":349,"href":"https:\/\/kinmarkets.com\/de\/wp-json\/wp\/v2\/pages\/272\/revisions\/349"}],"wp:attachment":[{"href":"https:\/\/kinmarkets.com\/de\/wp-json\/wp\/v2\/media?parent=272"}],"curies":[{"name":"wp","href":"https:\/\/api.w.org\/{rel}","templated":true}]}}