{"id":273,"date":"2024-09-06T07:37:38","date_gmt":"2024-09-06T07:37:38","guid":{"rendered":"https:\/\/kinmarkets.com\/account\/"},"modified":"2025-11-21T13:47:41","modified_gmt":"2025-11-21T13:47:41","slug":"account","status":"publish","type":"page","link":"https:\/\/kinmarkets.com\/de\/account\/","title":{"rendered":"Account"},"content":{"rendered":"<div class=\"inner-page-wrap account-page\">\r\n    <div class=\"container\">\r\n        <div class=\"row\">\r\n            <div class=\"col-lg-3 col-12\">\r\n                <div class=\"acc-box\">\r\n                    <img decoding=\"async\" src=\"\/wp-content\/themes\/website-theme\/images\/acc-img-01.png\" alt=\"\">\r\n                    <h2>Standard-<br>Konto<\/h2>\r\n                    <p>Das Standardkonto von KinMarkets ist Ihr Einstiegspunkt in die Finanzm\u00e4rkte. Mit wettbewerbsf\u00e4higen Spreads und einer breiten Auswahl handelbarer Verm\u00f6genswerte wurde dieses Kontomodell f\u00fcr Benutzerfreundlichkeit und Zug\u00e4nglichkeit entwickelt. Ob Einsteiger oder erfahrener Investor \u2013 das Standardkonto bietet eine zuverl\u00e4ssige Grundlage f\u00fcr Ihre Handelsreise.<\/p>\r\n                    <ul class=\"list\">\r\n                        <li>Wettbewerbsf\u00e4hige Spreads<\/li>\r\n                        <li>Vielf\u00e4ltige Auswahl handelbarer Verm\u00f6genswerte<\/li>\r\n                        <li>Konzipiert f\u00fcr Zug\u00e4nglichkeit und Benutzerfreundlichkeit<\/li>\r\n                        <li>Geeignet f\u00fcr Anf\u00e4nger und erfahrene H\u00e4ndler<\/li>\r\n                    <\/ul>\r\n                    <div class=\"acc-btn\">\r\n                        <a href=\"https:\/\/clientzone.kinmarkets.com\/de\/real\" class=\"common-btn\">Ausw\u00e4hlen<\/a>\r\n                    <\/div>\r\n                <\/div>\r\n            <\/div>\r\n            <div class=\"col-lg-3 col-12\">\r\n                <div class=\"acc-box\">\r\n                    <img decoding=\"async\" src=\"\/wp-content\/themes\/website-theme\/images\/acc-img-02.png\" alt=\"\">\r\n                    <h2>Premium-<br>Konto<\/h2>\r\n                    <p>Erleben Sie den Handel auf einem neuen Niveau mit dem Premiumkonto von KinMarkets. Dieses Konto ist f\u00fcr all jene gedacht, die \u00fcberlegene Funktionen und personalisierten Service w\u00fcnschen. Es bietet niedrigere Spreads, priorisierten Kundensupport und erweiterte Handelswerkzeuge. Tauchen Sie ein in eine exklusive Handelswelt.<\/p>\r\n                    <ul class=\"list\">\r\n                        <li>Niedrigere Spreads<\/li>\r\n                        <li>Priorisierter Kundensupport<\/li>\r\n                        <li>Erweiterte Handelswerkzeuge<\/li>\r\n                        <li>F\u00fcr Nutzer mit hohen Anspr\u00fcchen<\/li>\r\n                        <li>Exklusive Handelserfahrung<\/li>\r\n                    <\/ul>\r\n                    <div class=\"acc-btn\">\r\n                        <a href=\"https:\/\/clientzone.kinmarkets.com\/de\/real\" class=\"common-btn\">Ausw\u00e4hlen<\/a>\r\n                    <\/div>\r\n                <\/div>\r\n            <\/div>\r\n            <div class=\"col-lg-3 col-12\">\r\n                <div class=\"acc-box\">\r\n                    <img decoding=\"async\" src=\"\/wp-content\/themes\/website-theme\/images\/acc-img-03.png\" alt=\"\">\r\n                    <h2>Pro-<br>Konto<\/h2>\r\n                    <p>Das Pro-Konto von KinMarkets ist f\u00fcr erfahrene H\u00e4ndler konzipiert und stellt das Spitzenmodell unseres Angebots dar. Genie\u00dfen Sie engere Spreads, geringere Latenzzeiten und bevorzugten Zugang zu erweiterten Tools und Marktanalysen. Dieses Konto erf\u00fcllt die Anforderungen komplexer Handelsstrategien und bietet Profis die n\u00f6tigen Ressourcen f\u00fcr den Erfolg.<\/p>\r\n                    <ul class=\"list\">\r\n                        <li>Engere Spreads<\/li>\r\n                        <li>Geringere Latenz<\/li>\r\n                        <li>Bevorzugter Zugang zu Tools und Analysen<\/li>\r\n                        <li>F\u00fcr erfahrene H\u00e4ndler konzipiert<\/li>\r\n                        <li>Unterst\u00fctzt anspruchsvolle Handelsstrategien<\/li>\r\n                    <\/ul>\r\n                    <div class=\"acc-btn\">\r\n                        <a href=\"https:\/\/clientzone.kinmarkets.com\/de\/real\" class=\"common-btn\">Ausw\u00e4hlen<\/a>\r\n                    <\/div>\r\n                <\/div>\r\n            <\/div>\r\n            <div class=\"col-lg-3 col-12\">\r\n                <div class=\"acc-box\">\r\n                    <img decoding=\"async\" src=\"\/wp-content\/themes\/website-theme\/images\/acc-img-04.png\" alt=\"\">\r\n                    <h2>Firmen-<br>Konto<\/h2>\r\n                    <p>Neben Privatkonten bietet KinMarkets auch das Firmenkonto f\u00fcr Unternehmen an. Dieses Konto eignet sich ideal f\u00fcr Unternehmen, die im Devisen- und Finanzmarkt aktiv sind, und bietet spezielle Funktionen wie Unternehmensmittelverwaltung, Mehrbenutzerzugang und erweiterte Berichtsfunktionen. Die perfekte Wahl zur Optimierung Ihres Unternehmensportfolios.<\/p>\r\n                    <ul class=\"list\">\r\n                        <li>Spezialisiert auf Unternehmen<\/li>\r\n                        <li>Verwaltung von Unternehmensmitteln<\/li>\r\n                        <li>Mehrbenutzerzugang<\/li>\r\n                        <li>Erweiterte Berichtsfunktionen<\/li>\r\n                        <li>Ideal f\u00fcr Unternehmen im Devisen- und Finanzhandel<\/li>\r\n                    <\/ul>\r\n                    <div class=\"acc-btn\">\r\n                        <a href=\"https:\/\/clientzone.kinmarkets.com\/de\/real\" class=\"common-btn\">Ausw\u00e4hlen<\/a>\r\n                    <\/div>\r\n                <\/div>\r\n            <\/div>\r\n        <\/div>\r\n    <\/div>\r\n    <div class=\"clearfix\"><\/div>\r\n<\/div>\r\n","protected":false},"excerpt":{"rendered":"Standard-Konto Das Standardkonto von KinMarkets ist Ihr Einstiegspunkt in die Finanzm\u00e4rkte. Mit wettbewerbsf\u00e4higen Spreads und einer breiten Auswahl handelbarer Verm\u00f6genswerte wurde dieses Kontomodell f\u00fcr Benutzerfreundlichkeit und Zug\u00e4nglichkeit entwickelt. Ob Einsteiger oder erfahrener Investor \u2013 das Standardkonto bietet eine zuverl\u00e4ssige Grundlage f\u00fcr Ihre Handelsreise. Wettbewerbsf\u00e4hige Spreads Vielf\u00e4ltige Auswahl handelbarer Verm\u00f6genswerte Konzipiert f\u00fcr Zug\u00e4nglichkeit und Benutzerfreundlichkeit Geeignet &hellip;","protected":false},"author":1,"featured_media":0,"parent":0,"menu_order":0,"comment_status":"closed","ping_status":"closed","template":"fullwidth-page.php","meta":{"footnotes":""},"class_list":["post-273","page","type-page","status-publish","hentry"],"_links":{"self":[{"href":"https:\/\/kinmarkets.com\/de\/wp-json\/wp\/v2\/pages\/273","targetHints":{"allow":["GET"]}}],"collection":[{"href":"https:\/\/kinmarkets.com\/de\/wp-json\/wp\/v2\/pages"}],"about":[{"href":"https:\/\/kinmarkets.com\/de\/wp-json\/wp\/v2\/types\/page"}],"author":[{"embeddable":true,"href":"https:\/\/kinmarkets.com\/de\/wp-json\/wp\/v2\/users\/1"}],"replies":[{"embeddable":true,"href":"https:\/\/kinmarkets.com\/de\/wp-json\/wp\/v2\/comments?post=273"}],"version-history":[{"count":3,"href":"https:\/\/kinmarkets.com\/de\/wp-json\/wp\/v2\/pages\/273\/revisions"}],"predecessor-version":[{"id":484,"href":"https:\/\/kinmarkets.com\/de\/wp-json\/wp\/v2\/pages\/273\/revisions\/484"}],"wp:attachment":[{"href":"https:\/\/kinmarkets.com\/de\/wp-json\/wp\/v2\/media?parent=273"}],"curies":[{"name":"wp","href":"https:\/\/api.w.org\/{rel}","templated":true}]}}