{"id":274,"date":"2024-09-09T10:30:20","date_gmt":"2024-09-09T10:30:20","guid":{"rendered":"https:\/\/kinmarkets.com\/commodities\/"},"modified":"2025-06-23T07:05:18","modified_gmt":"2025-06-23T07:05:18","slug":"commodities","status":"publish","type":"page","link":"https:\/\/kinmarkets.com\/de\/commodities\/","title":{"rendered":"Commodities"},"content":{"rendered":"<div class=\"inner-page-wrap commodities-page\">\r\n  <div class=\"container\">\r\n      <div class=\"advance-charting sec1\">\r\n          <div class=\"row align-items-center\">\r\n              <div class=\"col-lg-8 col-12\">\r\n                  <div class=\"left-side\">\r\n                      <h2>CFDs Rohstoffhandelsstrategien mit KinMarkets<\/h2>\r\n                      <h5>Handeln Sie CFDs auf Rohstoffe mit Vertrauen und Erfolg \u2013 mithilfe strategischer Ans\u00e4tze, die speziell auf den Rohstoffmarkt abgestimmt sind. Bei KinMarkets wissen wir, dass eine klar definierte Handelsstrategie der Schl\u00fcssel zur vollen Aussch\u00f6pfung des Potenzials der Rohstoffm\u00e4rkte ist. Entdecken Sie die folgenden bew\u00e4hrten Strategien, die Ihren Erfolg im Handel mit CFDs auf Rohstoffe steigern k\u00f6nnen.<\/h5>\r\n                  <\/div>\r\n              <\/div>\r\n              <div class=\"col-lg-4 col-12\">\r\n                  <img decoding=\"async\" src=\"\/wp-content\/themes\/website-theme\/images\/comm-img-01.png\" alt=\"\" class=\"img-fluid\">\r\n              <\/div>\r\n          <\/div>\r\n      <\/div>\r\n  <\/div>\r\n  <div class=\"inner-page-top\">\r\n      <div class=\"container\">\r\n          <div class=\"row\">\r\n              <div class=\"col-12\">\r\n                  <div class=\"power-of-cfd\">\r\n                      <div class=\"cfd-boxes\">\r\n                          <div class=\"row\">\r\n                              <div class=\"col-lg-6 col-12\">\r\n                                  <div class=\"cfd-box\">\r\n                                      <h5>Fundamentalanalyse<\/h5>\r\n                                      <p>Erhalten Sie ein tiefes Verst\u00e4ndnis der Faktoren, die die Rohstoffpreise beeinflussen, indem Sie Fundamentalanalyse in Ihre Handelsstrategie integrieren.<\/p>\r\n                                  <\/div>\r\n                              <\/div>\r\n                              <div class=\"col-lg-6 col-12\">\r\n                                  <div class=\"cfd-box\">\r\n                                      <h5>Saisonaler Handel<\/h5>\r\n                                      <p>Entdecken Sie saisonale Handelsstrategien und erkennen Sie, dass bestimmte Rohstoffe wiederkehrende Preismuster aufgrund saisonaler Einfl\u00fcsse aufweisen.<\/p>\r\n                                  <\/div>\r\n                              <\/div>\r\n                          <\/div>\r\n                      <\/div>\r\n                  <\/div>\r\n              <\/div>\r\n          <\/div>\r\n          <div class=\"advance-charting sec3\">\r\n              <div class=\"row align-items-center\">\r\n                  <div class=\"col-lg-5 col-12\">\r\n                      <img decoding=\"async\" src=\"\/wp-content\/themes\/website-theme\/images\/comm-img-02.png\" alt=\"\" class=\"img-fluid\">\r\n                  <\/div>\r\n                  <div class=\"col-lg-7 col-12\">\r\n                      <div class=\"left-side\">\r\n                          <h2>Chancen erkennen: CFDs Rohstoffhandel mit KinMarkets<\/h2>\r\n                          <h5>Starten Sie eine dynamische Reise in die Welt des Rohstoffhandels mit KinMarkets, wo Contracts for Difference (CFDs) Ihnen den Zugang zu vielf\u00e4ltigen und lukrativen M\u00f6glichkeiten er\u00f6ffnen. W\u00e4hrend sich die globalen M\u00e4rkte weiterentwickeln, steigt die Notwendigkeit f\u00fcr H\u00e4ndler, Rohstoffe \u00fcber traditionelle Investitionen hinaus zu betrachten. Erfahren Sie, warum KinMarkets die bevorzugte Plattform f\u00fcr all jene ist, die die Komplexit\u00e4t des CFDs-Rohstoffhandels mit Vertrauen und Innovation meistern m\u00f6chten.<\/h5>\r\n                      <\/div>\r\n                  <\/div>\r\n              <\/div>\r\n          <\/div>\r\n      <\/div>\r\n  <\/div>\r\n  <div class=\"clearfix\"><\/div>\r\n<\/div>\r\n","protected":false},"excerpt":{"rendered":"CFDs Rohstoffhandelsstrategien mit KinMarkets Handeln Sie CFDs auf Rohstoffe mit Vertrauen und Erfolg \u2013 mithilfe strategischer Ans\u00e4tze, die speziell auf den Rohstoffmarkt abgestimmt sind. Bei KinMarkets wissen wir, dass eine klar definierte Handelsstrategie der Schl\u00fcssel zur vollen Aussch\u00f6pfung des Potenzials der Rohstoffm\u00e4rkte ist. Entdecken Sie die folgenden bew\u00e4hrten Strategien, die Ihren Erfolg im Handel mit &hellip;","protected":false},"author":1,"featured_media":0,"parent":0,"menu_order":0,"comment_status":"closed","ping_status":"closed","template":"fullwidth-page.php","meta":{"footnotes":""},"class_list":["post-274","page","type-page","status-publish","hentry"],"_links":{"self":[{"href":"https:\/\/kinmarkets.com\/de\/wp-json\/wp\/v2\/pages\/274","targetHints":{"allow":["GET"]}}],"collection":[{"href":"https:\/\/kinmarkets.com\/de\/wp-json\/wp\/v2\/pages"}],"about":[{"href":"https:\/\/kinmarkets.com\/de\/wp-json\/wp\/v2\/types\/page"}],"author":[{"embeddable":true,"href":"https:\/\/kinmarkets.com\/de\/wp-json\/wp\/v2\/users\/1"}],"replies":[{"embeddable":true,"href":"https:\/\/kinmarkets.com\/de\/wp-json\/wp\/v2\/comments?post=274"}],"version-history":[{"count":2,"href":"https:\/\/kinmarkets.com\/de\/wp-json\/wp\/v2\/pages\/274\/revisions"}],"predecessor-version":[{"id":351,"href":"https:\/\/kinmarkets.com\/de\/wp-json\/wp\/v2\/pages\/274\/revisions\/351"}],"wp:attachment":[{"href":"https:\/\/kinmarkets.com\/de\/wp-json\/wp\/v2\/media?parent=274"}],"curies":[{"name":"wp","href":"https:\/\/api.w.org\/{rel}","templated":true}]}}