{"id":276,"date":"2024-09-09T10:30:38","date_gmt":"2024-09-09T10:30:38","guid":{"rendered":"https:\/\/kinmarkets.com\/crypto\/"},"modified":"2025-06-23T07:09:21","modified_gmt":"2025-06-23T07:09:21","slug":"crypto","status":"publish","type":"page","link":"https:\/\/kinmarkets.com\/de\/crypto\/","title":{"rendered":"Crypto"},"content":{"rendered":"<div class=\"inner-page-wrap crypto-page\">\r\n    <div class=\"container\">\r\n        <div class=\"advance-charting sec1\">\r\n            <div class=\"row \">\r\n                <div class=\"col-lg-8 col-12\">\r\n                    <div class=\"left-side\">\r\n                        <h2>CFDs auf Kryptow\u00e4hrungen mit KinMarkets: Digitale Anlagechancen nutzen<\/h2>\r\n                        <h5>Vielf\u00e4ltige Auswahl an Kryptow\u00e4hrungen: KinMarkets bietet CFDs auf ein breites Spektrum an Kryptow\u00e4hrungen \u2013 darunter Bitcoin, Ethereum, Ripple und viele mehr. Greifen Sie auf eine vielf\u00e4ltige Auswahl digitaler Verm\u00f6genswerte zu und nutzen Sie die Volatilit\u00e4t sowie das Wachstumspotenzial des Kryptow\u00e4hrungsmarktes.<\/h5>\r\n                        <h5>Inverse Handelsm\u00f6glichkeiten: Profitieren Sie sowohl von steigenden als auch fallenden Kursbewegungen im Kryptomarkt durch inverses Trading. Mit CFDs k\u00f6nnen Sie auf fallende Kurse setzen, ohne die Kryptow\u00e4hrung physisch zu besitzen \u2013 so bleiben Sie flexibel und k\u00f6nnen sich an unterschiedliche Marktbedingungen anpassen.<\/h5>\r\n                    <\/div>\r\n                <\/div>\r\n                <div class=\"col-lg-4 col-12\">\r\n                    <img decoding=\"async\" class=\"img-fluid\" src=\"\/wp-content\/themes\/website-theme\/images\/crypto-img-01.png\" alt=\"\">\r\n                <\/div>\r\n            <\/div>\r\n        <\/div>\r\n        <div class=\"advance-charting sec2\">\r\n            <div class=\"row align-items-center flex-row-reverse\">\r\n                \r\n                <div class=\"col-lg-8 col-12\">\r\n                    <div class=\"left-side\">\r\n                        <h2>Werden Sie Teil von KinMarkets und erleben Sie eine au\u00dfergew\u00f6hnliche CFDs-Krypto-Handelsreise<\/h2>\r\n                        <h5>Der Beitritt zu KinMarkets bedeutet, Teil einer Community von H\u00e4ndlern zu werden, die Zusammenarbeit und gemeinsamen Wissensaustausch sch\u00e4tzen. Vernetzen Sie sich mit anderen Tradern, nehmen Sie an Foren teil und bleiben Sie \u00fcber aktuelle Markttrends auf unserer interaktiven Plattform informiert. Ob Daytrader, Swing-Trader oder langfristiger Investor \u2013 KinMarkets bietet Ihnen die Werkzeuge, Ressourcen und Unterst\u00fctzung, die Sie ben\u00f6tigen, um im dynamischen Umfeld des CFDs-Kryptohandels erfolgreich zu sein.<\/h5>\r\n                    <\/div>\r\n                <\/div>\r\n                <div class=\"col-lg-4 col-12\">\r\n                    <img decoding=\"async\" class=\"img-fluid\" src=\"\/wp-content\/themes\/website-theme\/images\/crypto-img-02.png\" alt=\"\">\r\n                <\/div>\r\n            <\/div>\r\n        <\/div>\r\n    <\/div>\r\n\r\n    <div class=\"clearfix\"><\/div>\r\n<\/div>","protected":false},"excerpt":{"rendered":"CFDs auf Kryptow\u00e4hrungen mit KinMarkets: Digitale Anlagechancen nutzen Vielf\u00e4ltige Auswahl an Kryptow\u00e4hrungen: KinMarkets bietet CFDs auf ein breites Spektrum an Kryptow\u00e4hrungen \u2013 darunter Bitcoin, Ethereum, Ripple und viele mehr. Greifen Sie auf eine vielf\u00e4ltige Auswahl digitaler Verm\u00f6genswerte zu und nutzen Sie die Volatilit\u00e4t sowie das Wachstumspotenzial des Kryptow\u00e4hrungsmarktes. Inverse Handelsm\u00f6glichkeiten: Profitieren Sie sowohl von steigenden &hellip;","protected":false},"author":1,"featured_media":0,"parent":0,"menu_order":0,"comment_status":"closed","ping_status":"closed","template":"fullwidth-page.php","meta":{"footnotes":""},"class_list":["post-276","page","type-page","status-publish","hentry"],"_links":{"self":[{"href":"https:\/\/kinmarkets.com\/de\/wp-json\/wp\/v2\/pages\/276","targetHints":{"allow":["GET"]}}],"collection":[{"href":"https:\/\/kinmarkets.com\/de\/wp-json\/wp\/v2\/pages"}],"about":[{"href":"https:\/\/kinmarkets.com\/de\/wp-json\/wp\/v2\/types\/page"}],"author":[{"embeddable":true,"href":"https:\/\/kinmarkets.com\/de\/wp-json\/wp\/v2\/users\/1"}],"replies":[{"embeddable":true,"href":"https:\/\/kinmarkets.com\/de\/wp-json\/wp\/v2\/comments?post=276"}],"version-history":[{"count":3,"href":"https:\/\/kinmarkets.com\/de\/wp-json\/wp\/v2\/pages\/276\/revisions"}],"predecessor-version":[{"id":354,"href":"https:\/\/kinmarkets.com\/de\/wp-json\/wp\/v2\/pages\/276\/revisions\/354"}],"wp:attachment":[{"href":"https:\/\/kinmarkets.com\/de\/wp-json\/wp\/v2\/media?parent=276"}],"curies":[{"name":"wp","href":"https:\/\/api.w.org\/{rel}","templated":true}]}}