{"id":290,"date":"2024-09-06T12:24:28","date_gmt":"2024-09-06T12:24:28","guid":{"rendered":"https:\/\/kinmarkets.com\/deposit-and-withdrawals\/"},"modified":"2025-06-23T07:15:29","modified_gmt":"2025-06-23T07:15:29","slug":"deposit-and-withdrawals","status":"publish","type":"page","link":"https:\/\/kinmarkets.com\/de\/deposit-and-withdrawals\/","title":{"rendered":"Deposit and Withdrawals"},"content":{"rendered":"<div class=\"inner-page-wrap deposit-page\">\r\n    <div class=\"container\">\r\n        <div class=\"row\">\r\n            <div class=\"col-12\">\r\n                <div class=\"power-of-cfd\">\r\n                    <h2> Einzahlungen: <span> Der schnelle Einstieg in Ihr Trading-Abenteuer<\/span><\/h2>\r\n                    <h5>Eine Einzahlung bei KinMarkets ist ein unkomplizierter Prozess, mit dem Sie Ihr Handelskonto aufladen und einfach in die Finanzm\u00e4rkte eintauchen k\u00f6nnen. Das sollten Sie wissen:<\/h5>\r\n                    <div class=\"cfd-boxes\">\r\n                        <div class=\"row\">\r\n                            <div class=\"col-lg-3 col-12\">\r\n                                <div class=\"cfd-box\">\r\n                                    <h5>Sichere Zahlungsmethoden<\/h5>\r\n                                    <p>KinMarkets unterst\u00fctzt eine Vielzahl sicherer Zahlungsmethoden, darunter Bank\u00fcberweisungen, Kreditkarten und beliebte E-Wallets. W\u00e4hlen Sie die Methode, die Ihren Vorlieben entspricht, und t\u00e4tigen Sie Ihre Einzahlung mit Vertrauen.<\/p>\r\n                                <\/div>\r\n                            <\/div>\r\n                            <div class=\"col-lg-3 col-12\">\r\n                                <div class=\"cfd-box\">\r\n                                    <h5>Benutzerfreundliches Einzahlungsmen\u00fc<\/h5>\r\n                                    <p>Unsere benutzerfreundliche Einzahlungsoberfl\u00e4che ist auf Einfachheit ausgelegt. Navigieren Sie zu Ihrem Konto-Dashboard, w\u00e4hlen Sie die Einzahlungsoption und folgen Sie den intuitiven Anweisungen, um Ihr Konto reibungslos aufzuladen.<\/p>\r\n                                <\/div>\r\n                            <\/div>\r\n                            <div class=\"col-lg-3 col-12\">\r\n                                <div class=\"cfd-box\">\r\n                                    <h5>Echtzeit-Verarbeitung<\/h5>\r\n                                    <p>Erleben Sie die Echtzeit-Verarbeitung Ihrer Einzahlungen mit KinMarkets. Sobald Ihre Einzahlung best\u00e4tigt ist, wird Ihr Handelskonto umgehend gutgeschrieben, sodass Sie ohne Verz\u00f6gerung von Marktchancen profitieren k\u00f6nnen.<\/p>\r\n                                <\/div>\r\n                            <\/div>\r\n                            <div class=\"col-lg-3 col-12\">\r\n                                <div class=\"cfd-box\">\r\n                                    <h5>W\u00e4hrungsoptionen<\/h5>\r\n                                    <p>KinMarkets bietet Ihnen Flexibilit\u00e4t durch eine Vielzahl an W\u00e4hrungsoptionen f\u00fcr Ihre Einzahlungen. W\u00e4hlen Sie aus wichtigen W\u00e4hrungen, um Ihre Handelsstrategie zu unterst\u00fctzen und Ihr Portfolio international auszurichten.<\/p>\r\n                                <\/div>\r\n                            <\/div>\r\n                        <\/div>\r\n                    <\/div>\r\n                <\/div>\r\n            <\/div>\r\n        <\/div>\r\n    <\/div>\r\n\r\n    <div class=\"inner-page-top\">\r\n        <div class=\"container\">\r\n            <div class=\"mastering-forex-market\">\r\n                <div class=\"row\">\r\n                    <div class=\"col-12\">\r\n                        <h2>Auszahlungen: <span> Greifen Sie m\u00fchelos auf Ihre Gewinne zu<\/span><\/h2>\r\n                        <p>Die Auszahlung Ihrer Gewinne ist ein entscheidender Bestandteil Ihres Trading-Erfolgs. KinMarkets stellt sicher, dass der Auszahlungsprozess sicher und effizient abl\u00e4uft \u2013 ganz ohne Aufwand. So funktioniert&#8217;s:<\/p>\r\n                    <\/div>\r\n                    <div class=\"col-lg-3 col-12\">\r\n                        <div class=\"m-box\">\r\n                            <h5>Sichere Auszahlungsmethoden<\/h5>\r\n                            <p>W\u00e4hlen Sie aus einer Reihe sicherer Auszahlungsmethoden zur \u00dcbertragung Ihrer Gelder. KinMarkets unterst\u00fctzt Bank\u00fcberweisungen, Auszahlungen per Kreditkarte und E-Wallet-Optionen, sodass Sie flexibel bleiben.<\/p>\r\n                        <\/div>\r\n                    <\/div>\r\n                    <div class=\"col-lg-3 col-12\">\r\n                        <div class=\"m-box\">\r\n                            <h5>Auszahlungsanfragen leicht gemacht<\/h5>\r\n                            <p>Die Auszahlung ist mit KinMarkets ganz einfach. Navigieren Sie zum Auszahlungsbereich Ihres Kontos, geben Sie die erforderlichen Daten ein und folgen Sie den Anweisungen zur Beantragung Ihrer \u00dcberweisung.<\/p>\r\n                        <\/div>\r\n                    <\/div>\r\n                    <div class=\"col-lg-3 col-12\">\r\n                        <div class=\"m-box\">\r\n                            <h5>Schnelle Bearbeitung<\/h5>\r\n                            <p>Wir wissen, wie wichtig ein schneller Zugriff auf Ihre Gelder ist. KinMarkets sorgt f\u00fcr eine z\u00fcgige Bearbeitung Ihrer Auszahlungsanfragen, damit Sie Ihre Gewinne ohne unn\u00f6tige Verz\u00f6gerung genie\u00dfen k\u00f6nnen.<\/p>\r\n                        <\/div>\r\n                    <\/div>\r\n                    <div class=\"col-lg-3 col-12\">\r\n                        <div class=\"m-box\">\r\n                            <h5>Transparenz und Sicherheit<\/h5>\r\n                            <p>Ihre Sicherheit hat f\u00fcr uns oberste Priorit\u00e4t. KinMarkets garantiert h\u00f6chste Sicherheitsstandards im Auszahlungsprozess und stellt sicher, dass Ihre Gelder sicher auf die gew\u00e4hlte Methode \u00fcbertragen werden.<\/p>\r\n                        <\/div>\r\n                    <\/div>\r\n                <\/div>\r\n            <\/div>\r\n\r\n            <div class=\"advance-charting\">\r\n                <div class=\"row align-items-center\">\r\n                    <div class=\"col-lg-6 col-12\">\r\n                        <div class=\"left-side\">\r\n                            <h2>Sichern Sie Ihre Transaktionen: <span> Die KinMarkets-Garantie<\/span><\/h2>\r\n                            <p>KinMarkets verpflichtet sich, ein sicheres und transparentes Umfeld f\u00fcr alle finanziellen Transaktionen bereitzustellen. Unsere Verschl\u00fcsselungsprotokolle und die Einhaltung regulatorischer Standards gew\u00e4hrleisten, dass Ihre Ein- und Auszahlungen mit h\u00f6chster Sicherheit abgewickelt werden. Vertrauen Sie KinMarkets Ihre Gelder an \u2013 f\u00fcr eine Handelsreise, bei der Zuverl\u00e4ssigkeit an erster Stelle steht.<\/p>\r\n                        <\/div>\r\n                    <\/div>\r\n                    <div class=\"col-lg-5 offset-lg-1 col-12\">\r\n                        <img decoding=\"async\" src=\"\/wp-content\/themes\/website-theme\/images\/dep1.png\" alt=\"\" class=\"img-fluid\">\r\n                    <\/div>\r\n                <\/div>\r\n            <\/div>\r\n        <\/div>\r\n    <\/div>\r\n\r\n    <div class=\"clearfix\"><\/div>\r\n<\/div>\r\n","protected":false},"excerpt":{"rendered":"Einzahlungen: Der schnelle Einstieg in Ihr Trading-Abenteuer Eine Einzahlung bei KinMarkets ist ein unkomplizierter Prozess, mit dem Sie Ihr Handelskonto aufladen und einfach in die Finanzm\u00e4rkte eintauchen k\u00f6nnen. Das sollten Sie wissen: Sichere Zahlungsmethoden KinMarkets unterst\u00fctzt eine Vielzahl sicherer Zahlungsmethoden, darunter Bank\u00fcberweisungen, Kreditkarten und beliebte E-Wallets. W\u00e4hlen Sie die Methode, die Ihren Vorlieben entspricht, und &hellip;","protected":false},"author":1,"featured_media":0,"parent":0,"menu_order":0,"comment_status":"closed","ping_status":"closed","template":"fullwidth-page.php","meta":{"footnotes":""},"class_list":["post-290","page","type-page","status-publish","hentry"],"_links":{"self":[{"href":"https:\/\/kinmarkets.com\/de\/wp-json\/wp\/v2\/pages\/290","targetHints":{"allow":["GET"]}}],"collection":[{"href":"https:\/\/kinmarkets.com\/de\/wp-json\/wp\/v2\/pages"}],"about":[{"href":"https:\/\/kinmarkets.com\/de\/wp-json\/wp\/v2\/types\/page"}],"author":[{"embeddable":true,"href":"https:\/\/kinmarkets.com\/de\/wp-json\/wp\/v2\/users\/1"}],"replies":[{"embeddable":true,"href":"https:\/\/kinmarkets.com\/de\/wp-json\/wp\/v2\/comments?post=290"}],"version-history":[{"count":2,"href":"https:\/\/kinmarkets.com\/de\/wp-json\/wp\/v2\/pages\/290\/revisions"}],"predecessor-version":[{"id":355,"href":"https:\/\/kinmarkets.com\/de\/wp-json\/wp\/v2\/pages\/290\/revisions\/355"}],"wp:attachment":[{"href":"https:\/\/kinmarkets.com\/de\/wp-json\/wp\/v2\/media?parent=290"}],"curies":[{"name":"wp","href":"https:\/\/api.w.org\/{rel}","templated":true}]}}