{"id":292,"date":"2024-09-06T07:37:51","date_gmt":"2024-09-06T07:37:51","guid":{"rendered":"https:\/\/kinmarkets.com\/forex\/"},"modified":"2025-06-23T07:17:45","modified_gmt":"2025-06-23T07:17:45","slug":"forex","status":"publish","type":"page","link":"https:\/\/kinmarkets.com\/de\/forex\/","title":{"rendered":"Forex"},"content":{"rendered":"<div class=\"inner-page-wrap forex-page\">\r\n    <div class=\"container\">\r\n        <div class=\"row\">\r\n            <div class=\"col-12\">\r\n                <div class=\"power-of-cfd\">\r\n                    <h2>Die Kraft der CFDs im Forex-Handel mit KinMarkets entfesseln<\/h2>\r\n                    <h5>Beginnen Sie eine transformative Reise in den gr\u00f6\u00dften Finanzmarkt der Welt \u2013 den Devisenmarkt \u2013 mit dem Handel von Contracts for Difference (CFDs) bei KinMarkets. Unsere Plattform ist darauf ausgelegt, H\u00e4ndler aller Erfahrungsstufen zu st\u00e4rken und bietet eine umfassende Suite an Tools und Funktionen, die Ihr Forex-Handelserlebnis neu definieren.<\/h5>\r\n                    <div class=\"cfd-boxes\">\r\n                        <div class=\"row\">\r\n                            <div class=\"col-lg-6 col-12\">\r\n                                <div class=\"cfd-box\">\r\n                                    <h5>CFDs im Forex verstehen:<\/h5>\r\n                                    <p>Entdecken Sie die einzigartigen Vorteile des Devisenhandels \u00fcber CFDs. KinMarkets erm\u00f6glicht es Ihnen, auf W\u00e4hrungskursbewegungen zu spekulieren, ohne die tats\u00e4chlichen W\u00e4hrungen zu besitzen.<\/p>\r\n                                <\/div>\r\n                            <\/div>\r\n                            <div class=\"col-lg-6 col-12\">\r\n                                <div class=\"cfd-box\">\r\n                                    <h5>Hebel- und Margin-Handel<\/h5>\r\n                                    <p>KinMarkets erm\u00f6glicht es Ihnen, gr\u00f6\u00dfere Positionen mit einem Bruchteil des Gesamtwerts zu kontrollieren, wodurch Sie Ihr Handelskapital maximieren k\u00f6nnen.<\/p>\r\n                                <\/div>\r\n                            <\/div>\r\n                        <\/div>\r\n                    <\/div>\r\n                <\/div>\r\n            <\/div>\r\n        <\/div>\r\n    <\/div>\r\n    <div class=\"inner-page-top\">\r\n        <div class=\"container\">\r\n            <div class=\"mastering-forex-market\">\r\n                <div class=\"row\">\r\n                    <div class=\"col-12\">\r\n                        <h2>Forex-M\u00e4rkte meistern: Ein tiefer Einblick in den CFD-Forex-Handel<\/h2>\r\n                        <p>Begeben Sie sich mit KinMarkets auf eine Reise zur Meisterschaft in den weiten und dynamischen Devisenm\u00e4rkten.<\/p>\r\n                    <\/div>\r\n                    <div class=\"col-lg-4 col-12\">\r\n                        <div class=\"m-box\">\r\n                            <h5>Integration algorithmischen Handels<\/h5>\r\n                            <p>Integrieren Sie eigene Algorithmen oder w\u00e4hlen Sie aus vorgefertigten Strategien, um Ihre Trades zu automatisieren und Marktchancen zu nutzen.<\/p>\r\n                        <\/div>\r\n                    <\/div>\r\n                    <div class=\"col-lg-4 col-12\">\r\n                        <div class=\"m-box\">\r\n                            <h5>Fortgeschrittene Handelsstrategien<\/h5>\r\n                            <p>Nutzen Sie Strategien, mit denen Sie verschiedene Marktbedingungen meistern und sich an vielf\u00e4ltige Handelsm\u00f6glichkeiten anpassen k\u00f6nnen.<\/p>\r\n                        <\/div>\r\n                    <\/div>\r\n                    <div class=\"col-lg-4 col-12\">\r\n                        <div class=\"m-box\">\r\n                            <h5>Risikomanagement-Strategien<\/h5>\r\n                            <p>Erm\u00f6glichen Sie ein effektives Risikomanagement und den Schutz Ihres Kapitals, w\u00e4hrend Sie gleichzeitig das Ertragspotenzial optimieren.<\/p>\r\n                        <\/div>\r\n                    <\/div>\r\n                <\/div>\r\n            <\/div>\r\n            <div class=\"advance-charting\">\r\n                <div class=\"row align-items-center\">\r\n                    <div class=\"col-lg-6 col-12\">\r\n                        <div class=\"left-side\">\r\n                            <h5>Erweiterte Chart- und Analysefunktionen<\/h5>\r\n                            <p>Bleiben Sie mit den fortschrittlichen Charting-Tools und Analysefunktionen von KinMarkets immer einen Schritt voraus. Ob technischer Analyst oder fundamentaler Trader \u2013 unsere Plattform bietet Echtzeit-Marktdaten, technische Indikatoren und Wirtschaftskalender, um fundierte Handelsentscheidungen zu treffen.<\/p>\r\n                            <h5>Hebel- und Margin-Handel<\/h5>\r\n                            <p>Nutzen Sie das Potenzial f\u00fcr gesteigerte Gewinne mit Hebelwirkung im CFD-Forex-Handel. KinMarkets erm\u00f6glicht es Ihnen, mit einem Bruchteil des Wertes gr\u00f6\u00dfere Positionen zu kontrollieren. Wenn klug eingesetzt, kann der Hebel Ihre Handelsstrategie verbessern und mehr Flexibilit\u00e4t bei der Positionsgr\u00f6\u00dfe bieten.<\/p>\r\n                        <\/div>\r\n                    <\/div>\r\n                    <div class=\"col-lg-5 offset-lg-1 col-12\">\r\n                        <img decoding=\"async\" src=\"\/wp-content\/themes\/website-theme\/images\/fx-img.png\" alt=\"\" class=\"img-fluid\">\r\n                    <\/div>\r\n                <\/div>\r\n            <\/div>\r\n        <\/div>\r\n    <\/div>\r\n    <div class=\"clearfix\"><\/div>\r\n<\/div>\r\n","protected":false},"excerpt":{"rendered":"Die Kraft der CFDs im Forex-Handel mit KinMarkets entfesseln Beginnen Sie eine transformative Reise in den gr\u00f6\u00dften Finanzmarkt der Welt \u2013 den Devisenmarkt \u2013 mit dem Handel von Contracts for Difference (CFDs) bei KinMarkets. Unsere Plattform ist darauf ausgelegt, H\u00e4ndler aller Erfahrungsstufen zu st\u00e4rken und bietet eine umfassende Suite an Tools und Funktionen, die Ihr &hellip;","protected":false},"author":1,"featured_media":0,"parent":0,"menu_order":0,"comment_status":"closed","ping_status":"closed","template":"fullwidth-page.php","meta":{"footnotes":""},"class_list":["post-292","page","type-page","status-publish","hentry"],"_links":{"self":[{"href":"https:\/\/kinmarkets.com\/de\/wp-json\/wp\/v2\/pages\/292","targetHints":{"allow":["GET"]}}],"collection":[{"href":"https:\/\/kinmarkets.com\/de\/wp-json\/wp\/v2\/pages"}],"about":[{"href":"https:\/\/kinmarkets.com\/de\/wp-json\/wp\/v2\/types\/page"}],"author":[{"embeddable":true,"href":"https:\/\/kinmarkets.com\/de\/wp-json\/wp\/v2\/users\/1"}],"replies":[{"embeddable":true,"href":"https:\/\/kinmarkets.com\/de\/wp-json\/wp\/v2\/comments?post=292"}],"version-history":[{"count":2,"href":"https:\/\/kinmarkets.com\/de\/wp-json\/wp\/v2\/pages\/292\/revisions"}],"predecessor-version":[{"id":358,"href":"https:\/\/kinmarkets.com\/de\/wp-json\/wp\/v2\/pages\/292\/revisions\/358"}],"wp:attachment":[{"href":"https:\/\/kinmarkets.com\/de\/wp-json\/wp\/v2\/media?parent=292"}],"curies":[{"name":"wp","href":"https:\/\/api.w.org\/{rel}","templated":true}]}}