{"id":293,"date":"2024-08-31T09:40:29","date_gmt":"2024-08-31T09:40:29","guid":{"rendered":"https:\/\/kinmarkets.com\/home-page\/"},"modified":"2025-11-21T13:45:50","modified_gmt":"2025-11-21T13:45:50","slug":"home-page","status":"publish","type":"page","link":"https:\/\/kinmarkets.com\/de\/","title":{"rendered":"Home Page"},"content":{"rendered":"<div class=\"top-line\">\r\n\r\n    <div class=\"homebanner\">\r\n      <div class=\"content_block\" id=\"custom_post_widget-16\"><div id=\"carousel-example-generic\" class=\"carousel slide\" data-ride=\"carousel\">\r\n\t <div class=\"carousel-inner\">\r\n\t\t<div class=\"item active\">\r\n\t\t  <img decoding=\"async\" class=\"img-fluid\" src=\"\/wp-content\/themes\/website-theme\/images\/banner-bg.jpg\" alt=\"Erste Folie\">\r\n\t\t  <div class=\"carousel-caption\">\r\n\t\t\t <div class=\"container\">\r\n\t\t\t   <div class=\"hps-content\">\r\n\t\t\t   <div class=\"row\">\r\n\t\t\t\t <div class=\"col-lg-7\">\r\n\t\t\t\t    <h2>KinMarkets begleitet<br> Ihre Trading-Reise<\/h2>\r\n\t\t\t\t    <p>Starten Sie Ihre Reise zum finanziellen Erfolg mit KinMarkets, wo jeder Trade z\u00e4hlt.<\/p>\r\n\t\t\t\t    <div class=\"banner-btn\">\r\n\t\t\t\t     <a href=\"https:\/\/clientzone.kinmarkets.com\/de\/real\" class=\"common-btn\">Ein Konto er\u00f6ffnen<\/a>\r\n                                     <a href=\"https:\/\/clientzone.kinmarkets.com\/de\/user\/login\" class=\"common-btn\">Mit dem Handel beginnen<\/a>\r\n\t\t\t\t  <\/div>\r\n\t\t\t\t <\/div>\r\n\t\t\t\t <div class=\"col-lg-5\">\r\n\t\t\t\t   <img decoding=\"async\" class=\"img-fluid\" src=\"\/wp-content\/themes\/website-theme\/images\/banner-mobile.png\" alt=\"Erste Folie\"> \r\n\t\t\t\t <\/div>\r\n\t\t\t  <\/div>\r\n\t\t\t  <\/div>\r\n\t\t\t <\/div>\r\n\t\t  <\/div>\r\n\t\t<\/div>\r\n\t<\/div>\r\n<\/div>\r\n<\/div>\r\n    <\/div>\r\n    \r\n    <div class=\"section hp-green-section\">\r\n      <div class=\"container\">\r\n       <div class=\"gs-box-wrap\">\r\n        <div class=\"row\">\r\n          <div class=\"col-md-4 no-padding\">\r\n            <div class=\"gs-box\">\r\n              <span class=\"icon gs-01\"><\/span>\r\n              <h3>ANLAGE-<br>KLASSEN<\/h3>\r\n            <\/div>\r\n          <\/div>\r\n          <div class=\"col-md-4 no-padding\">\r\n            <div class=\"gs-box\">\r\n              <span class=\"icon gs-02\"><\/span>\r\n              <h3>HANDELS-<br>PLATTFORMEN<\/h3>\r\n            <\/div>\r\n          <\/div>\r\n          <div class=\"col-md-4 no-padding\">\r\n            <div class=\"gs-box rb-0\">\r\n              <span class=\"icon gs-03\"><\/span>\r\n              <h3>HANDELS-<br>INSTRUMENTE<\/h3>\r\n            <\/div>\r\n          <\/div>\r\n        <\/div>\r\n        <\/div>\r\n      <\/div> \r\n    <\/div>\r\n    \r\n<\/div>\r\n\r\n<div class=\"section hp-aboutus-section\">\r\n  <div class=\"container\">\r\n   \r\n   <div class=\"about-us-top\">\r\n    <div class=\"row\">\r\n      <div class=\"col-lg-12\">\r\n        <h3>\u00dcber uns<\/h3>\r\n        <h2><span>Vertrauen Sie<\/span> unserem preisgekr\u00f6nten Broker<\/h2>\r\n        <p>Willkommen bei KinMarkets \u2013 wo Wohlstand auf Individualit\u00e4t trifft. Unsere Plattform ist darauf ausgerichtet, Ihre pers\u00f6nlichen Handelsbed\u00fcrfnisse zu erf\u00fcllen und bietet Ihnen ein ma\u00dfgeschneidertes Tor zum finanziellen Erfolg. Mit einem Fokus auf benutzerfreundliches Design und professionellen Support ist KinMarkets die Plattform, auf der Ihre individuellen Ziele den besten Weg zur Verwirklichung finden. Unsere Verpflichtung zu reibungslosen Erlebnissen auf hochmodernen Plattformen unterstreicht unsere Vision, Exzellenz zu leben \u2013 ganz im Sinne jedes einzelnen Traders. Feiern Sie mit uns ein Vierteljahrhundert Erfolg und gestalten Sie die Zukunft des Tradings mit.<\/p>\r\n      <\/div>\r\n    <\/div>\r\n   <\/div>\r\n    \r\n   <div class=\"about-us-bottom\">\r\n    <div class=\"ab-border clearfix\">\r\n      <div class=\"row\">\r\n       <div class=\"col-lg-12\">\r\n        <div class=\"grey-box\">\r\n          <h2>Warum CFDs f\u00fcr Ihr <span>Investmentportfolio<\/span> w\u00e4hlen?<\/h2>\r\n          <p>Der CFD-Handel bietet viele Vorteile und ist sowohl f\u00fcr Einsteiger als auch erfahrene Anleger attraktiv. Durch das Verstehen der CFD-Vorteile k\u00f6nnen Trader Marktbewegungen optimal nutzen und gleichzeitig Risiken effektiv steuern.<\/p>\r\n        <\/div>\r\n       <\/div>\r\n       <\/div>\r\n    <\/div>\r\n    <div class=\"ab-border clearfix\">\r\n      <div class=\"row\">\r\n       <div class=\"col-lg-6\">\r\n         <div class=\"grey-box\">\r\n            <h4>Hebelwirkung f\u00fcr maximale Marktexposition<\/h4>\r\n            <p>CFDs erm\u00f6glichen es Tradern, mit einem geringeren Anfangskapital gr\u00f6\u00dfere Positionen zu kontrollieren. Das steigert potenzielle Gewinne, birgt jedoch auch h\u00f6here Verlustrisiken \u2013 daher ist ein effektives Risikomanagement entscheidend.<\/p>\r\n         <\/div>\r\n       <\/div>\r\n       <div class=\"col-lg-6\">\r\n          <img decoding=\"async\" class=\"img-fluid\" src=\"\/wp-content\/themes\/website-theme\/images\/S02-img-01.png\" alt=\"\">\r\n       <\/div>\r\n      <\/div>\r\n    <\/div>\r\n    <div class=\"ab-border clearfix\">\r\n      <div class=\"row\">\r\n       <div class=\"col-lg-6\">\r\n          <img decoding=\"async\" class=\"img-fluid\" src=\"\/wp-content\/themes\/website-theme\/images\/S02-img-02.png\" alt=\"\">\r\n       <\/div>\r\n       <div class=\"col-lg-6\">\r\n         <div class=\"grey-box\">\r\n            <h4>Zugang zu mehreren Anlageklassen<\/h4>\r\n            <p>Mit CFDs handeln Sie \u00fcber verschiedene M\u00e4rkte \u2013 Forex, Rohstoffe, Indizes und Kryptow\u00e4hrungen \u2013 alles \u00fcber eine einzige Plattform. Diese Vielfalt erm\u00f6glicht es Ihnen, Ihr Portfolio zu diversifizieren und globale Chancen zu nutzen.<\/p>\r\n         <\/div>\r\n       <\/div>\r\n      <\/div>\r\n    <\/div>\r\n   <\/div>\r\n  \r\n  <\/div>\r\n<\/div>\r\n\r\n<div class=\"section journey-section\">\r\n  <div class=\"container\">\r\n  <div class=\"journey-left-line\"> \r\n    <div class=\"row\">\r\n    \r\n      <div class=\"col-lg-12\">\r\n        <h2><span>Ihre Reise<\/span> zum<br> Gewinn beginnt hier<\/h2>\r\n        <a class=\"common-btn\" href=\"https:\/\/kinmarkets.com\/de\/about-us\/\">Mehr erfahren<\/a>\r\n      <\/div>\r\n      \r\n      <div class=\"clearfix\"><\/div>\r\n      \r\n      <div class=\"col-lg-4\">\r\n         <div class=\"js-box\">\r\n           <div class=\"icon js01\"><\/div>\r\n           <h3>Integrit\u00e4t<\/h3>\r\n           <p>Integrit\u00e4t ist das Fundament unserer Arbeit. Wir handeln mit gr\u00f6\u00dftm\u00f6glicher Transparenz und Ethik, um jedem Kunden faire und ehrliche Bedingungen zu bieten.<\/p>\r\n         <\/div>\r\n      <\/div>\r\n      <div class=\"col-lg-4\">\r\n         <div class=\"js-box\">\r\n           <div class=\"icon js02\"><\/div>\r\n           <h3>Innovation<\/h3>\r\n           <p>Wir setzen auf modernste Technologien und Handelsstrategien. Unser Streben nach Exzellenz treibt uns dazu an, unseren Service stetig zu verbessern.<\/p>\r\n         <\/div>\r\n      <\/div>\r\n      <div class=\"col-lg-4\">\r\n         <div class=\"js-box\">\r\n           <div class=\"icon js03\"><\/div>\r\n           <h3>Erm\u00e4chtigung<\/h3>\r\n           <p>Unser Ziel ist es, Menschen und Unternehmen zu bef\u00e4higen, ihre finanziellen Ziele selbst in die Hand zu nehmen \u2013 mit Bildung, Support und fairen Handelsm\u00f6glichkeiten.<\/p>\r\n         <\/div>\r\n      <\/div> \r\n      \r\n    <\/div>\r\n    <\/div>\r\n  <\/div>\r\n<\/div>\r\n\r\n<div class=\"section products-section\">\r\n  <div class=\"container\">\r\n    <div class=\"row\">\r\n     \r\n     <div class=\"col-lg-12\">\r\n       <div class=\"pro-box forex\">\r\n         <div class=\"pro-box-content\">\r\n           <h4>Forex-CFDs-Handel<\/h4>\r\n           <p>Der Forex-CFD-Handel beinhaltet den Kauf und Verkauf von W\u00e4hrungspaaren auf dem globalen Markt. Trader spekulieren auf Wechselkurs\u00e4nderungen.<\/p>\r\n           <a class=\"common-btn\" href=\"https:\/\/kinmarkets.com\/de\/forex\/\">Mehr erfahren<\/a>\r\n         <\/div>\r\n         <div class=\"pro-box-img\">\r\n             <img decoding=\"async\" class=\"img-fluid\" src=\"\/wp-content\/themes\/website-theme\/images\/S04-img-01.png\" alt=\"\">\r\n         <\/div>\r\n      <\/div>\r\n    <\/div>\r\n    \r\n    <div class=\"col-lg-6\">\r\n      <div class=\"pro-box\">\r\n       <div class=\"pro-box-content\">\r\n         <h4>Rohstoff-CFDs-Handel<\/h4>\r\n         <p>Beim Handel mit Rohstoff-CFDs kaufen und verkaufen Sie physische G\u00fcter wie Gold, \u00d6l und Agrarprodukte.<\/p>\r\n         <a class=\"common-btn\" href=\"https:\/\/kinmarkets.com\/de\/commodities\/\">Mehr erfahren<\/a>\r\n       <\/div>\r\n        <div class=\"pro-box-img\">\r\n             <img decoding=\"async\" class=\"img-fluid\" src=\"\/wp-content\/themes\/website-theme\/images\/S04-img-02.png\" alt=\"\">\r\n         <\/div>\r\n      <\/div>\r\n    <\/div>\r\n    \r\n       <div class=\"col-lg-6\">\r\n     <div class=\"pro-box\">\r\n      <div class=\"pro-box-content\">\r\n        <h4>Indizes-CFDs-Handel<\/h4>\r\n        <p>Indizes-CFDs spiegeln die Gesamtleistung bestimmter Aktienm\u00e4rkte wider. Trader k\u00f6nnen auf steigende oder fallende Kurse spekulieren.<\/p>\r\n        <a class=\"common-btn\" href=\"https:\/\/kinmarkets.com\/de\/indices\/\">Mehr erfahren<\/a>\r\n      <\/div>\r\n      <div class=\"pro-box-img\">\r\n        <img decoding=\"async\" class=\"img-fluid\" src=\"\/wp-content\/themes\/website-theme\/images\/S04-img-03.png\" alt=\"\">\r\n      <\/div>\r\n     <\/div>\r\n    <\/div>\r\n\r\n    <div class=\"col-lg-12\">\r\n       <div class=\"pro-box forex\">\r\n         <div class=\"pro-box-content\">\r\n           <h4>Aktienhandel<\/h4>\r\n           <p>Trader k\u00f6nnen auf die allgemeine Marktbewegung oder bestimmte Sektoren spekulieren, ohne einzelne Aktien zu kaufen.<\/p>\r\n           <a class=\"common-btn\" href=\"https:\/\/kinmarkets.com\/de\/stocks\/\">Mehr erfahren<\/a>\r\n         <\/div>\r\n         <div class=\"pro-box-img\">\r\n           <img decoding=\"async\" class=\"img-fluid\" src=\"\/wp-content\/themes\/website-theme\/images\/S04-img-04.png\" alt=\"\">\r\n         <\/div>\r\n      <\/div>\r\n    <\/div>   \r\n    \r\n<\/div> \r\n<\/div> \r\n<\/div> \r\n\r\n<div class=\"section advanced-section\">\r\n  <div class=\"container\">\r\n   <div class=\"row\">\r\n      <div class=\"col-lg-12\">\r\n         <h2><span>Fortgeschrittene<\/span> Strategien und Einblicke f\u00fcr erfahrene Aktieninvestoren<\/h2>\r\n         <p>Um die Kunst des Aktieninvestierens zu beherrschen, ist es entscheidend, fortgeschrittene Strategien zu verstehen und Einblicke in Marktdynamiken zu gewinnen. In diesem Leitfaden vertiefen wir uns in spezialisierte Taktiken, Investitionen in Schwellenm\u00e4rkte und das Verst\u00e4ndnis von Marktzyklen.<\/p>\r\n         <div class=\"banner-btn\">\r\n            <a href=\"https:\/\/clientzone.kinmarkets.com\/de\/real\" class=\"common-btn\">Konto er\u00f6ffnen<\/a>\r\n            <a href=\"https:\/\/clientzone.kinmarkets.com\/de\/user\/login\" class=\"common-btn\">Jetzt handeln<\/a>\r\n         <\/div>\r\n      <\/div>\r\n       <div class=\"col-lg-12\">\r\n         <img decoding=\"async\" class=\"img-fluid\" src=\"\/wp-content\/themes\/website-theme\/images\/S05-img.png\" alt=\"\">\r\n      <\/div>\r\n  <\/div>\r\n<\/div>\r\n<\/div>\r\n","protected":false},"excerpt":{"rendered":"ANLAGE-KLASSEN HANDELS-PLATTFORMEN HANDELS-INSTRUMENTE \u00dcber uns Vertrauen Sie unserem preisgekr\u00f6nten Broker Willkommen bei KinMarkets \u2013 wo Wohlstand auf Individualit\u00e4t trifft. Unsere Plattform ist darauf ausgerichtet, Ihre pers\u00f6nlichen Handelsbed\u00fcrfnisse zu erf\u00fcllen und bietet Ihnen ein ma\u00dfgeschneidertes Tor zum finanziellen Erfolg. Mit einem Fokus auf benutzerfreundliches Design und professionellen Support ist KinMarkets die Plattform, auf der Ihre individuellen &hellip;","protected":false},"author":1,"featured_media":0,"parent":0,"menu_order":0,"comment_status":"closed","ping_status":"closed","template":"homepage.php","meta":{"footnotes":""},"class_list":["post-293","page","type-page","status-publish","hentry"],"_links":{"self":[{"href":"https:\/\/kinmarkets.com\/de\/wp-json\/wp\/v2\/pages\/293","targetHints":{"allow":["GET"]}}],"collection":[{"href":"https:\/\/kinmarkets.com\/de\/wp-json\/wp\/v2\/pages"}],"about":[{"href":"https:\/\/kinmarkets.com\/de\/wp-json\/wp\/v2\/types\/page"}],"author":[{"embeddable":true,"href":"https:\/\/kinmarkets.com\/de\/wp-json\/wp\/v2\/users\/1"}],"replies":[{"embeddable":true,"href":"https:\/\/kinmarkets.com\/de\/wp-json\/wp\/v2\/comments?post=293"}],"version-history":[{"count":3,"href":"https:\/\/kinmarkets.com\/de\/wp-json\/wp\/v2\/pages\/293\/revisions"}],"predecessor-version":[{"id":483,"href":"https:\/\/kinmarkets.com\/de\/wp-json\/wp\/v2\/pages\/293\/revisions\/483"}],"wp:attachment":[{"href":"https:\/\/kinmarkets.com\/de\/wp-json\/wp\/v2\/media?parent=293"}],"curies":[{"name":"wp","href":"https:\/\/api.w.org\/{rel}","templated":true}]}}