{"id":294,"date":"2024-09-06T07:38:25","date_gmt":"2024-09-06T07:38:25","guid":{"rendered":"https:\/\/kinmarkets.com\/indices\/"},"modified":"2025-06-23T07:24:16","modified_gmt":"2025-06-23T07:24:16","slug":"indices","status":"publish","type":"page","link":"https:\/\/kinmarkets.com\/de\/indices\/","title":{"rendered":"Indices"},"content":{"rendered":"<div class=\"inner-page-wrap indices-page\">\r\n    <div class=\"container\">\r\n        <div class=\"row\">\r\n            <div class=\"col-12\">\r\n                <div class=\"power-of-cfd\">\r\n                    <div class=\"cfd-boxes\">\r\n                        <div class=\"row\">\r\n                            <div class=\"col-lg-3 col-12\">\r\n                                <div class=\"cfd-box\">\r\n                                    <h5>CFDs im Forex verstehen:<\/h5>\r\n                                    <p>Entdecken Sie die einzigartigen Vorteile des Forex-Handels \u00fcber CFDs. VXMMarkets erm\u00f6glicht es Ihnen, auf W\u00e4hrungskursbewegungen zu spekulieren, ohne die tats\u00e4chlichen W\u00e4hrungen besitzen zu m\u00fcssen.<\/p>\r\n                                <\/div>\r\n                            <\/div>\r\n                            <div class=\"col-lg-3 col-12\">\r\n                                <div class=\"cfd-box\">\r\n                                    <h5>Hebel f\u00fcr erh\u00f6hte Renditen<\/h5>\r\n                                    <p>Kontrollieren Sie gr\u00f6\u00dfere Positionen mit einem Bruchteil des Gesamtwerts und nutzen Sie so die Chance auf h\u00f6here Renditen (und Risiken). Hebelwirkung bietet Flexibilit\u00e4t f\u00fcr Ihre Handelsstrategie, sodass Sie Positionsgr\u00f6\u00dfen optimieren und Marktchancen besser nutzen k\u00f6nnen.<\/p>\r\n                                <\/div>\r\n                            <\/div>\r\n                            <div class=\"col-lg-3 col-12\">\r\n                                <div class=\"cfd-box\">\r\n                                    <h5>Inverse Handelsm\u00f6glichkeiten<\/h5>\r\n                                    <p>Nutzen Sie Chancen in steigenden und fallenden M\u00e4rkten mit KinMarkets. Unsere Plattform erm\u00f6glicht es Ihnen, auf Indizes Long- (Kauf) oder Short- (Verkauf) Positionen einzugehen, um von Aufw\u00e4rtstrends zu profitieren oder Marktr\u00fcckg\u00e4nge ohne physischen Besitz auszunutzen.<\/p>\r\n                                <\/div>\r\n                            <\/div>\r\n                            <div class=\"col-lg-3 col-12\">\r\n                                <div class=\"cfd-box\">\r\n                                    <h5>Bildungsressourcen und Support<\/h5>\r\n                                    <p>Zugang zu Webinaren, Tutorials und Experteneinblicken speziell f\u00fcr den CFD-Handel mit Indizes. Profitieren Sie zudem von unserem reaktionsschnellen Kundensupport, der 24 Stunden am Tag an 5 Tagen die Woche f\u00fcr Sie da ist.<\/p>\r\n                                <\/div>\r\n                            <\/div>\r\n                        <\/div>\r\n                    <\/div>\r\n                <\/div>\r\n            <\/div>\r\n        <\/div>\r\n    <\/div>\r\n    <div class=\"inner-page-top\">\r\n        <div class=\"container\">\r\n            <div class=\"mastering-forex-market\">\r\n                <div class=\"row\">\r\n                    <div class=\"col-12\">\r\n                        <h5>Beginnen Sie Ihre Reise zur globalen Markterkundung, w\u00e4hrend KinMarkets Sie in die dynamische Welt des CFD-Handels mit Indizes einf\u00fchrt. Unsere Plattform bietet H\u00e4ndlern unvergleichliche M\u00f6glichkeiten, an der Entwicklung ganzer M\u00e4rkte oder bestimmter Sektoren zu partizipieren \u2013 ganz ohne physischen Besitz.<\/h5>\r\n                    <\/div>\r\n                    <div class=\"col-lg-4 col-12\">\r\n                        <div class=\"m-box\">\r\n                            <h5>Setzen Sie robuste Risikomanagement-Strategien um, nutzen Sie pr\u00e4zise Stop-Loss-Orders und halten Sie kalkulierte Risiko-Rendite-Verh\u00e4ltnisse ein.<\/h5>\r\n                        <\/div>\r\n                    <\/div>\r\n                    <div class=\"col-lg-4 col-12\">\r\n                        <div class=\"m-box\">\r\n                            <h5>Positionieren Sie Ihre Trades geschickt, indem Sie den breiteren wirtschaftlichen Kontext und Markttrends verstehen.<\/h5>\r\n                        <\/div>\r\n                    <\/div>\r\n                    <div class=\"col-lg-4 col-12\">\r\n                        <div class=\"m-box\">\r\n                            <h5>Bleiben Sie agil bei Marktschwankungen und passen Sie Ihre Strategie an, um aufkommende Chancen optimal zu nutzen.<\/h5>\r\n                        <\/div>\r\n                    <\/div>\r\n                <\/div>\r\n            <\/div>\r\n            <div class=\"advance-charting\">\r\n                <div class=\"row align-items-center\">\r\n                    <div class=\"col-lg-6 col-12\">\r\n                        <div class=\"left-side\">\r\n                            <h2>Warum CFDs auf Indizes mit KinMarkets handeln?<\/h2>\r\n                            <p>Der spannende Einstieg in den CFD-Handel mit Indizes bei KinMarkets er\u00f6ffnet eine Welt voller unvergleichlicher Chancen und Vorteile. Unsere Plattform ist ein Synonym f\u00fcr Innovation und gestaltet das globale Indizes-Trading neu. Was KinMarkets auszeichnet, ist nicht nur die Technologie, sondern das ganzheitliche Erlebnis f\u00fcr Trader, die Vertrauen und Innovation in ihren finanziellen Unternehmungen suchen.<\/p>\r\n                            <p>Im Zentrum von KinMarkets steht das Engagement, traditionelle Grenzen zu \u00fcberschreiten und H\u00e4ndlern ein au\u00dfergew\u00f6hnliches Handelserlebnis zu bieten.<\/p>\r\n                        <\/div>\r\n                    <\/div>\r\n                    <div class=\"col-lg-5 offset-lg-1 col-12\">\r\n                        <img decoding=\"async\" src=\"\/wp-content\/themes\/website-theme\/images\/ind-img.png\" alt=\"\" class=\"img-fluid\">\r\n                    <\/div>\r\n                <\/div>\r\n            <\/div>\r\n        <\/div>\r\n    <\/div>\r\n    <div class=\"clearfix\"><\/div>\r\n<\/div>\r\n","protected":false},"excerpt":{"rendered":"CFDs im Forex verstehen: Entdecken Sie die einzigartigen Vorteile des Forex-Handels \u00fcber CFDs. VXMMarkets erm\u00f6glicht es Ihnen, auf W\u00e4hrungskursbewegungen zu spekulieren, ohne die tats\u00e4chlichen W\u00e4hrungen besitzen zu m\u00fcssen. Hebel f\u00fcr erh\u00f6hte Renditen Kontrollieren Sie gr\u00f6\u00dfere Positionen mit einem Bruchteil des Gesamtwerts und nutzen Sie so die Chance auf h\u00f6here Renditen (und Risiken). Hebelwirkung bietet Flexibilit\u00e4t &hellip;","protected":false},"author":1,"featured_media":0,"parent":0,"menu_order":0,"comment_status":"closed","ping_status":"closed","template":"fullwidth-page.php","meta":{"footnotes":""},"class_list":["post-294","page","type-page","status-publish","hentry"],"_links":{"self":[{"href":"https:\/\/kinmarkets.com\/de\/wp-json\/wp\/v2\/pages\/294","targetHints":{"allow":["GET"]}}],"collection":[{"href":"https:\/\/kinmarkets.com\/de\/wp-json\/wp\/v2\/pages"}],"about":[{"href":"https:\/\/kinmarkets.com\/de\/wp-json\/wp\/v2\/types\/page"}],"author":[{"embeddable":true,"href":"https:\/\/kinmarkets.com\/de\/wp-json\/wp\/v2\/users\/1"}],"replies":[{"embeddable":true,"href":"https:\/\/kinmarkets.com\/de\/wp-json\/wp\/v2\/comments?post=294"}],"version-history":[{"count":3,"href":"https:\/\/kinmarkets.com\/de\/wp-json\/wp\/v2\/pages\/294\/revisions"}],"predecessor-version":[{"id":361,"href":"https:\/\/kinmarkets.com\/de\/wp-json\/wp\/v2\/pages\/294\/revisions\/361"}],"wp:attachment":[{"href":"https:\/\/kinmarkets.com\/de\/wp-json\/wp\/v2\/media?parent=294"}],"curies":[{"name":"wp","href":"https:\/\/api.w.org\/{rel}","templated":true}]}}