{"id":295,"date":"2024-09-03T12:05:38","date_gmt":"2024-09-03T12:05:38","guid":{"rendered":"https:\/\/kinmarkets.com\/legal-information\/"},"modified":"2026-03-30T13:19:21","modified_gmt":"2026-03-30T13:19:21","slug":"legal-information","status":"publish","type":"page","link":"https:\/\/kinmarkets.com\/de\/legal-information\/","title":{"rendered":"Legal Information"},"content":{"rendered":"<div class=\"inner-page-wrap legal-page\">\r\n  <div class=\"inner-page-top\">\r\n    <div class=\"container\">\r\n      <div class=\"row\">\r\n        <div class=\"col-lg-12\">\r\n          <h3>Rechtliche Informationen<\/h3>\r\n          <h2>Regulierung<\/h2>\r\n          <p>Willkommen bei KinMarkets. Bevor Sie unsere Handelsplattform und -dienste nutzen, empfehlen wir Ihnen, die folgenden rechtlichen Informationen sorgf\u00e4ltig zu lesen. Durch den Zugriff auf und die Nutzung von KinMarkets stimmen Sie den in diesem Abschnitt aufgef\u00fchrten Allgemeinen Gesch\u00e4ftsbedingungen zu.<\/p>\r\n          <p>Die rechtlichen Dokumente, die bei jeglicher Interaktion mit den Nutzern der Website gelten, sind:<\/p>\r\n        <\/div>\r\n      <\/div>\r\n\r\n      <div class=\"legal-box-wrap\">\r\n        <div class=\"row\">\r\n          <div class=\"col-lg-4 col-md-6\">\r\n            <div class=\"legal-box\">\r\n              <div class=\"icon pdf-icon\"><\/div>\r\n              <h3>AML- &#038; KYC-Richtlinie<\/h3>\r\n              <a href=\"\/wp-content\/themes\/website-theme\/images\/pdf\/AML_KYC_Policy.pdf\" class=\"common-btn\" target=\"_blank\" rel=\"noopener noreferrer\">Hier klicken<\/a>\r\n            <\/div>\r\n          <\/div>\r\n\r\n          <div class=\"col-lg-4 col-md-6\">\r\n            <div class=\"legal-box\">\r\n              <div class=\"icon pdf-icon\"><\/div>\r\n              <h3>AGB (Allgemeine Gesch\u00e4ftsbedingungen)<\/h3>\r\n              <a href=\"\/wp-content\/themes\/website-theme\/images\/pdf\/Terms_and_conditions.pdf\" class=\"common-btn\" target=\"_blank\" rel=\"noopener noreferrer\">Hier klicken<\/a>\r\n            <\/div>\r\n          <\/div>\r\n\r\n          <div class=\"col-lg-4 col-md-6\">\r\n            <div class=\"legal-box\">\r\n              <div class=\"icon pdf-icon\"><\/div>\r\n              <h3>Datenschutzrichtlinie<\/h3>\r\n              <a href=\"\/wp-content\/themes\/website-theme\/images\/pdf\/Privacy_Policy.pdf\" class=\"common-btn\" target=\"_blank\" rel=\"noopener noreferrer\">Hier klicken<\/a>\r\n            <\/div>\r\n          <\/div>\r\n\r\n          <div class=\"col-lg-4 col-md-6\">\r\n            <div class=\"legal-box\">\r\n              <div class=\"icon pdf-icon\"><\/div>\r\n              <h3>Risikohinweis<\/h3>\r\n              <a href=\"\/wp-content\/themes\/website-theme\/images\/pdf\/Risk_disclosure_statement.pdf\" class=\"common-btn\" target=\"_blank\" rel=\"noopener noreferrer\">Hier klicken<\/a>\r\n            <\/div>\r\n          <\/div>\r\n\r\n          <div class=\"col-lg-4 col-md-6\">\r\n            <div class=\"legal-box\">\r\n              <div class=\"icon pdf-icon\"><\/div>\r\n              <h3>R\u00fcckerstattungsrichtlinie<\/h3>\r\n              <a href=\"\/wp-content\/themes\/website-theme\/images\/pdf\/Refunds_Policy.pdf\" class=\"common-btn\" target=\"_blank\" rel=\"noopener noreferrer\">Hier klicken<\/a>\r\n            <\/div>\r\n          <\/div>\r\n          <div class=\"col-lg-4 col-md-6\">\r\n            <div class=\"legal-box\">\r\n              <div class=\"icon pdf-icon\"><\/div>\r\n              <h3>Bonusbedingungen<\/h3>\r\n              <a href=\"\/wp-content\/themes\/website-theme\/images\/pdf\/Bonus-terms-kin.pdf\" class=\"common-btn\" target=\"_blank\" rel=\"noopener noreferrer\">Hier klicken<\/a>\r\n            <\/div>\r\n          <\/div>\r\n <div class=\"col-lg-4\">\r\n               <div class=\"legal-box\">\r\n                <div class=\"icon pdf-icon\"><\/div>\r\n              <h3>Beschwerdebearbeitungsprozess<\/h3>\r\n                        <a href=\"\/wp-content\/themes\/website-theme\/images\/pdf\/Complaint_handling process-Kin.pdf\" class=\"common-btn\">Hier klicken<\/a>\t\t\t\t\t\r\n                <\/div>\r\n          <\/div>\r\n          <div class=\"col-lg-4\">\r\n               <div class=\"legal-box\">\r\n                <div class=\"icon pdf-icon\"><\/div>\r\n              <h3>Beschwerdeformular<\/h3>\r\n                        <a href=\"\/wp-content\/themes\/website-theme\/images\/pdf\/Complaints_form_kin.pdf\" class=\"common-btn\">Hier klicken<\/a>\t\t\t\t\t\r\n                <\/div>\r\n          <\/div>\r\n <div class=\"col-lg-4\">\r\n               <div class=\"legal-box\">\r\n                <div class=\"icon pdf-icon\"><\/div>\r\n              <h3>Verwaltungsgeb\u00fchren<\/h3>\r\n                        <a href=\"\/wp-content\/themes\/website-theme\/images\/pdf\/Ad_Fees.pdf\" class=\"common-btn\">Hier klicken<\/a>\t\t\t\t\t\r\n                <\/div>\r\n          <\/div>\r\n        <\/div>\r\n      <\/div>\r\n\r\n    <\/div>\r\n  <\/div>\r\n<\/div>\r\n","protected":false},"excerpt":{"rendered":"Rechtliche Informationen Regulierung Willkommen bei KinMarkets. Bevor Sie unsere Handelsplattform und -dienste nutzen, empfehlen wir Ihnen, die folgenden rechtlichen Informationen sorgf\u00e4ltig zu lesen. Durch den Zugriff auf und die Nutzung von KinMarkets stimmen Sie den in diesem Abschnitt aufgef\u00fchrten Allgemeinen Gesch\u00e4ftsbedingungen zu. Die rechtlichen Dokumente, die bei jeglicher Interaktion mit den Nutzern der Website gelten, &hellip;","protected":false},"author":1,"featured_media":0,"parent":0,"menu_order":0,"comment_status":"closed","ping_status":"closed","template":"fullwidth-page.php","meta":{"footnotes":""},"class_list":["post-295","page","type-page","status-publish","hentry"],"_links":{"self":[{"href":"https:\/\/kinmarkets.com\/de\/wp-json\/wp\/v2\/pages\/295","targetHints":{"allow":["GET"]}}],"collection":[{"href":"https:\/\/kinmarkets.com\/de\/wp-json\/wp\/v2\/pages"}],"about":[{"href":"https:\/\/kinmarkets.com\/de\/wp-json\/wp\/v2\/types\/page"}],"author":[{"embeddable":true,"href":"https:\/\/kinmarkets.com\/de\/wp-json\/wp\/v2\/users\/1"}],"replies":[{"embeddable":true,"href":"https:\/\/kinmarkets.com\/de\/wp-json\/wp\/v2\/comments?post=295"}],"version-history":[{"count":7,"href":"https:\/\/kinmarkets.com\/de\/wp-json\/wp\/v2\/pages\/295\/revisions"}],"predecessor-version":[{"id":496,"href":"https:\/\/kinmarkets.com\/de\/wp-json\/wp\/v2\/pages\/295\/revisions\/496"}],"wp:attachment":[{"href":"https:\/\/kinmarkets.com\/de\/wp-json\/wp\/v2\/media?parent=295"}],"curies":[{"name":"wp","href":"https:\/\/api.w.org\/{rel}","templated":true}]}}