{"id":296,"date":"2024-09-03T14:09:03","date_gmt":"2024-09-03T14:09:03","guid":{"rendered":"https:\/\/kinmarkets.com\/platform\/"},"modified":"2025-06-23T07:34:53","modified_gmt":"2025-06-23T07:34:53","slug":"platform","status":"publish","type":"page","link":"https:\/\/kinmarkets.com\/de\/platform\/","title":{"rendered":"Platform"},"content":{"rendered":"<div class=\"inner-page-wrap platform-page\">\r\n    <div class=\"container\">\r\n        <div class=\"row\">\r\n            <div class=\"col-lg-6\">\r\n                <h2>Erleben Sie <span>die Freiheit des Web-Tradings mit KinMarkets<\/span><\/h2>\r\n                <h4>Warum Web-Trading w\u00e4hlen?<\/h4>\r\n                <p>In einer Welt, die niemals schl\u00e4ft, ist die M\u00f6glichkeit, jederzeit zu handeln, von unsch\u00e4tzbarem Wert. Web-Trading erm\u00f6glicht es Ihnen, Chancen zu nutzen und Ihre Investitionen zu verwalten, ohne an einen Desktop gebunden zu sein. Hier erfahren Sie, warum Sie Web-Trading mit KinMarkets in Betracht ziehen sollten:<\/p>\r\n            <\/div>\r\n            <div class=\"col-lg-6\">\r\n                <img decoding=\"async\" class=\"img-fluid\" src=\"\/wp-content\/themes\/website-theme\/images\/pla-img-01.jpg\" alt=\"\">\r\n            <\/div>\r\n        <\/div>\r\n    <\/div>\r\n         \r\n    <div class=\"inner-page-top\">\r\n        <div class=\"container\">\r\n            <div class=\"platform-page-wrap\">\r\n                <div class=\"row\">\r\n                    <div class=\"col-md-6\">\r\n                        <div class=\"platform-box\">\r\n                            <h3>Nahtlose Konnektivit\u00e4t<\/h3>\r\n                            <ul class=\"list\">\r\n                                <li>Bleiben Sie rund um die Uhr mit den Finanzm\u00e4rkten verbunden und verpassen Sie keine Handelsm\u00f6glichkeit.<\/li>\r\n                                <li>Greifen Sie mit nur einem Fingertipp auf Ihr Konto zu \u2013 egal, ob Sie zu Hause, im Caf\u00e9 oder unterwegs sind.<\/li>\r\n                            <\/ul>\t\t\t\t\t\t\r\n                        <\/div>\r\n                    <\/div>\r\n                    <div class=\"col-md-6\">\r\n                        <div class=\"platform-box\">\r\n                            <h3>Sofortige Trade-Ausf\u00fchrung<\/h3>\r\n                            <ul class=\"list\">\r\n                                <li>F\u00fchren Sie Trades sofort \u00fcber eine benutzerfreundliche und reaktionsschnelle mobile Oberfl\u00e4che aus.<\/li>\r\n                                <li>Reagieren Sie schnell auf Marktver\u00e4nderungen und nutzen Sie aufkommende Trends oder Chancen.<\/li>\r\n                            <\/ul>\t\t\t\t\t\t\r\n                        <\/div>\r\n                    <\/div>\r\n                    <div class=\"col-md-6\">\r\n                        <div class=\"platform-box\">\r\n                            <h3>Effizientes Order-Management<\/h3>\r\n                            <ul class=\"list\">\r\n                                <li>Verwalten Sie Ihre Trades effizient, indem Sie Stop-Loss-Orders, Take-Profit-Niveaus und ausstehende Orders direkt von Ihrem Desktop oder mobilen Ger\u00e4t aus setzen.<\/li>\r\n                                <li>Genie\u00dfen Sie dieselben Order-Management-Funktionen wie auf der Desktop-Plattform.<\/li>\r\n                            <\/ul>\t\t\t\t\t\t\r\n                        <\/div>\r\n                    <\/div>\r\n                    <div class=\"col-md-6\">\r\n                        <div class=\"platform-box\">\r\n                            <h3>Sicherer Zugang<\/h3>\r\n                            <ul class=\"list\">\r\n                                <li>Profitieren Sie von sicheren Login-Verfahren und Datenverschl\u00fcsselung zum Schutz Ihrer Kontoinformationen.<\/li>\r\n                                <li>Aktivieren Sie die Zwei-Faktor-Authentifizierung f\u00fcr eine zus\u00e4tzliche Sicherheitsebene.<\/li>\r\n                            <\/ul>\t\t\t\t\t\t\r\n                        <\/div>\r\n                    <\/div>\r\n                <\/div>\r\n            <\/div>\r\n  \r\n            <div class=\"row\">\r\n                <div class=\"col-lg-6\">\r\n                    <h2><span>Machen Sie den<\/span> n\u00e4chsten Schritt <span>im Web-Trading<\/span><\/h2>\r\n                    <p>Entfesseln Sie das volle Potenzial des Web-Tradings mit KinMarkets und erleben Sie die Freiheit, jederzeit und \u00fcberall zu handeln. Die Finanzm\u00e4rkte liegen Ihnen zu F\u00fc\u00dfen \u2013 starten Sie Ihre Web-Trading-Reise mit KinMarkets.<\/p>\r\n                <\/div>\r\n                <div class=\"col-lg-6\">\r\n                    <img decoding=\"async\" class=\"img-fluid\" src=\"\/wp-content\/themes\/website-theme\/images\/pla-img-02.png\" alt=\"\">\r\n                <\/div>\t   \r\n            <\/div>\r\n        <\/div>\r\n    <\/div>\r\n<\/div>\r\n","protected":false},"excerpt":{"rendered":"Erleben Sie die Freiheit des Web-Tradings mit KinMarkets Warum Web-Trading w\u00e4hlen? In einer Welt, die niemals schl\u00e4ft, ist die M\u00f6glichkeit, jederzeit zu handeln, von unsch\u00e4tzbarem Wert. Web-Trading erm\u00f6glicht es Ihnen, Chancen zu nutzen und Ihre Investitionen zu verwalten, ohne an einen Desktop gebunden zu sein. Hier erfahren Sie, warum Sie Web-Trading mit KinMarkets in Betracht &hellip;","protected":false},"author":1,"featured_media":0,"parent":0,"menu_order":0,"comment_status":"closed","ping_status":"closed","template":"fullwidth-page.php","meta":{"footnotes":""},"class_list":["post-296","page","type-page","status-publish","hentry"],"_links":{"self":[{"href":"https:\/\/kinmarkets.com\/de\/wp-json\/wp\/v2\/pages\/296","targetHints":{"allow":["GET"]}}],"collection":[{"href":"https:\/\/kinmarkets.com\/de\/wp-json\/wp\/v2\/pages"}],"about":[{"href":"https:\/\/kinmarkets.com\/de\/wp-json\/wp\/v2\/types\/page"}],"author":[{"embeddable":true,"href":"https:\/\/kinmarkets.com\/de\/wp-json\/wp\/v2\/users\/1"}],"replies":[{"embeddable":true,"href":"https:\/\/kinmarkets.com\/de\/wp-json\/wp\/v2\/comments?post=296"}],"version-history":[{"count":3,"href":"https:\/\/kinmarkets.com\/de\/wp-json\/wp\/v2\/pages\/296\/revisions"}],"predecessor-version":[{"id":365,"href":"https:\/\/kinmarkets.com\/de\/wp-json\/wp\/v2\/pages\/296\/revisions\/365"}],"wp:attachment":[{"href":"https:\/\/kinmarkets.com\/de\/wp-json\/wp\/v2\/media?parent=296"}],"curies":[{"name":"wp","href":"https:\/\/api.w.org\/{rel}","templated":true}]}}