{"id":297,"date":"2024-09-09T05:55:54","date_gmt":"2024-09-09T05:55:54","guid":{"rendered":"https:\/\/kinmarkets.com\/stocks\/"},"modified":"2025-06-23T07:34:45","modified_gmt":"2025-06-23T07:34:45","slug":"stocks","status":"publish","type":"page","link":"https:\/\/kinmarkets.com\/de\/stocks\/","title":{"rendered":"Stocks"},"content":{"rendered":"<div class=\"inner-page-wrap stock-page\">\r\n    <div class=\"container\">\r\n        <div class=\"advance-charting\">\r\n            <div class=\"row align-items-center\">\r\n                <div class=\"col-lg-6 col-12\">\r\n                    <div class=\"left-side\">\r\n                        <h2>Warum CFDs auf Aktien bei KinMarkets handeln?<\/h2>\r\n                        <h5>KinMarkets bietet eine umfassende Auswahl an CFDs auf globale Aktien und erm\u00f6glicht den Zugang zu einer vielf\u00e4ltigen Auswahl an Unternehmen aus verschiedenen Branchen und Sektoren.<\/h5>\r\n                    <\/div>\r\n                <\/div>\r\n                <div class=\"col-lg-6 col-12\">\r\n                    <img decoding=\"async\" src=\"\/wp-content\/themes\/website-theme\/images\/pla-img-01.jpg\" alt=\"\" class=\"img-fluid\">\r\n                <\/div>\r\n            <\/div>\r\n        <\/div>\r\n    <\/div>\r\n    <div class=\"inner-page-top\">\r\n        <div class=\"container\">\r\n            <div class=\"row\">\r\n                <div class=\"col-12\">\r\n                    <div class=\"power-of-cfd\">\r\n                        <div class=\"cfd-boxes\">\r\n                            <div class=\"row\">\r\n                                <div class=\"col-lg-6 col-12\">\r\n                                    <div class=\"cfd-box\">\r\n                                        <h5>Wettbewerbsf\u00e4hige Preise und transparente Geb\u00fchren: Maximieren Sie Ihre Renditen im CFD-Aktienhandel<\/h5>\r\n                                        <p>Bei KinMarkets steht Ihr Erfolg im Mittelpunkt. Wir bieten wettbewerbsf\u00e4hige Preise und transparente Geb\u00fchren im CFD-Aktienhandel. Unser Ziel ist es, Trader mit einer kosteneffektiven und klaren Geb\u00fchrenstruktur zu unterst\u00fctzen, damit Sie Ihre Renditen im dynamischen Aktienmarkt maximieren k\u00f6nnen.<\/p>\r\n                                    <\/div>\r\n                                <\/div>\r\n                                <div class=\"col-lg-6 col-12\">\r\n                                    <div class=\"cfd-box\">\r\n                                        <h5>Erweiterte Ordertypen: Pr\u00e4zision im CFD-Aktienhandel individuell gestalten<\/h5>\r\n                                        <p>KinMarkets bietet Tradern erweiterte Ordertypen und eine Reihe von Werkzeugen, um die Pr\u00e4zision im CFD-Aktienhandel zu verbessern. Entdecken Sie vielf\u00e4ltige Orderoptionen, mit denen Sie Trades genau ausf\u00fchren, Risiken effektiv managen und Ihre Handelsstrategie optimieren k\u00f6nnen.<\/p>\r\n                                    <\/div>\r\n                                <\/div>\r\n                            <\/div>\r\n                        <\/div>\r\n                    <\/div>\r\n                <\/div>\r\n            <\/div>\r\n            <div class=\"diverse-stock\">\r\n                <div class=\"row\">\r\n                    <div class=\"col-lg-4 col-12\">\r\n                        <div class=\"diverse-box\">\r\n                            <span class=\"icon st01\"><\/span>\r\n                            <h3>Vielf\u00e4ltige Aktien<\/h3>\r\n                            <p>KinMarkets bietet eine breite Auswahl an CFDs auf globale Aktien und erm\u00f6glicht den Zugang zu renommierten Unternehmen aus verschiedenen Branchen und Sektoren.<\/p>\r\n                        <\/div>\r\n                    <\/div>\r\n                    <div class=\"col-lg-4 col-12\">\r\n                        <div class=\"diverse-box\">\r\n                            <span class=\"icon st02\"><\/span>\r\n                            <h3>Hebelvorteil<\/h3>\r\n                            <p>Hebelwirkung verleiht Ihrer Handelsstrategie Flexibilit\u00e4t, sodass Sie Positionsgr\u00f6\u00dfen optimieren und Chancen auf dem dynamischen Aktienmarkt nutzen k\u00f6nnen.<\/p>\r\n                        <\/div>\r\n                    <\/div>\r\n                    <div class=\"col-lg-4 col-12\">\r\n                        <div class=\"diverse-box\">\r\n                            <span class=\"icon st03\"><\/span>\r\n                            <h3>Bildungsressourcen<\/h3>\r\n                            <p>St\u00e4rken Sie Ihre Handelsreise mit den umfassenden Bildungsressourcen von KinMarkets. Bleiben Sie informiert und verbessern Sie Ihre F\u00e4higkeiten, um die Komplexit\u00e4t der Finanzm\u00e4rkte effektiv zu meistern.<\/p>\r\n                        <\/div>\r\n                    <\/div>\r\n                <\/div>\r\n            <\/div>\r\n        <\/div>\r\n    <\/div>\r\n    <div class=\"clearfix\"><\/div>\r\n<\/div>\r\n","protected":false},"excerpt":{"rendered":"Warum CFDs auf Aktien bei KinMarkets handeln? KinMarkets bietet eine umfassende Auswahl an CFDs auf globale Aktien und erm\u00f6glicht den Zugang zu einer vielf\u00e4ltigen Auswahl an Unternehmen aus verschiedenen Branchen und Sektoren. Wettbewerbsf\u00e4hige Preise und transparente Geb\u00fchren: Maximieren Sie Ihre Renditen im CFD-Aktienhandel Bei KinMarkets steht Ihr Erfolg im Mittelpunkt. Wir bieten wettbewerbsf\u00e4hige Preise und &hellip;","protected":false},"author":1,"featured_media":0,"parent":0,"menu_order":0,"comment_status":"closed","ping_status":"closed","template":"fullwidth-page.php","meta":{"footnotes":""},"class_list":["post-297","page","type-page","status-publish","hentry"],"_links":{"self":[{"href":"https:\/\/kinmarkets.com\/de\/wp-json\/wp\/v2\/pages\/297","targetHints":{"allow":["GET"]}}],"collection":[{"href":"https:\/\/kinmarkets.com\/de\/wp-json\/wp\/v2\/pages"}],"about":[{"href":"https:\/\/kinmarkets.com\/de\/wp-json\/wp\/v2\/types\/page"}],"author":[{"embeddable":true,"href":"https:\/\/kinmarkets.com\/de\/wp-json\/wp\/v2\/users\/1"}],"replies":[{"embeddable":true,"href":"https:\/\/kinmarkets.com\/de\/wp-json\/wp\/v2\/comments?post=297"}],"version-history":[{"count":3,"href":"https:\/\/kinmarkets.com\/de\/wp-json\/wp\/v2\/pages\/297\/revisions"}],"predecessor-version":[{"id":367,"href":"https:\/\/kinmarkets.com\/de\/wp-json\/wp\/v2\/pages\/297\/revisions\/367"}],"wp:attachment":[{"href":"https:\/\/kinmarkets.com\/de\/wp-json\/wp\/v2\/media?parent=297"}],"curies":[{"name":"wp","href":"https:\/\/api.w.org\/{rel}","templated":true}]}}