{"id":237,"date":"2024-09-06T07:37:51","date_gmt":"2024-09-06T07:37:51","guid":{"rendered":"https:\/\/kinmarkets.com\/forex\/"},"modified":"2025-06-24T05:36:25","modified_gmt":"2025-06-24T05:36:25","slug":"forex","status":"publish","type":"page","link":"https:\/\/kinmarkets.com\/fr\/forex\/","title":{"rendered":"Forex"},"content":{"rendered":"<div class=\"inner-page-wrap forex-page\">\r\n    <div class=\"container\">\r\n        <div class=\"row\">\r\n            <div class=\"col-12\">\r\n                <div class=\"power-of-cfd\">\r\n                    <h2>Lib\u00e9rez la puissance des CFD dans le trading Forex avec KinMarkets<\/h2>\r\n                    <h5>Embarquez pour un voyage transformateur dans le plus grand march\u00e9 financier du monde \u2013 le march\u00e9 des changes \u2013 gr\u00e2ce au trading de Contrats sur la Diff\u00e9rence (CFD) chez KINMarkets. Notre plateforme est con\u00e7ue pour autonomiser les traders de tous niveaux, en offrant une suite compl\u00e8te d\u2019outils et de fonctionnalit\u00e9s qui red\u00e9finissent votre exp\u00e9rience du trading Forex.<\/h5>\r\n                    <div class=\"cfd-boxes\">\r\n                        <div class=\"row\">\r\n                            <div class=\"col-lg-6 col-12\">\r\n                                <div class=\"cfd-box\">\r\n                                    <h5>Comprendre les CFD dans le Forex :<\/h5>\r\n                                    <p>D\u00e9couvrez les avantages uniques du trading Forex via les CFD. KINMarkets vous permet de sp\u00e9culer sur les mouvements de prix des devises sans poss\u00e9der r\u00e9ellement les monnaies.<\/p>\r\n                                <\/div>\r\n                            <\/div>\r\n                            <div class=\"col-lg-6 col-12\">\r\n                                <div class=\"cfd-box\">\r\n                                    <h5>Effet de levier et trading sur marge<\/h5>\r\n                                    <p>KINMarkets offre la possibilit\u00e9 de contr\u00f4ler des positions plus importantes avec une fraction de leur valeur totale, vous permettant d\u2019amplifier votre potentiel de trading.<\/p>\r\n                                <\/div>\r\n                            <\/div>\r\n                        <\/div>\r\n                    <\/div>\r\n                <\/div>\r\n            <\/div>\r\n        <\/div>\r\n    <\/div>\r\n\r\n    <div class=\"inner-page-top\">\r\n        <div class=\"container\">\r\n            <div class=\"mastering-forex-market\">\r\n                <div class=\"row\">\r\n                    <div class=\"col-12\">\r\n                        <h2>Ma\u00eetriser les march\u00e9s Forex \u2013 Une immersion dans le trading CFD Forex<\/h2>\r\n                        <p>Partez \u00e0 la conqu\u00eate du vaste et dynamique march\u00e9 des changes avec KINMarkets.<\/p>\r\n                    <\/div>\r\n                    <div class=\"col-lg-4 col-12\">\r\n                        <div class=\"m-box\">\r\n                            <h5>Int\u00e9gration du trading algorithmique<\/h5>\r\n                            <p>Int\u00e9grez des algorithmes personnalis\u00e9s ou choisissez parmi des strat\u00e9gies pr\u00e9con\u00e7ues pour automatiser vos trades et tirer parti des opportunit\u00e9s du march\u00e9.<\/p>\r\n                        <\/div>\r\n                    <\/div>\r\n                    <div class=\"col-lg-4 col-12\">\r\n                        <div class=\"m-box\">\r\n                            <h5>Strat\u00e9gies de trading avanc\u00e9es<\/h5>\r\n                            <p>Vous permettant de naviguer dans diff\u00e9rentes conditions de march\u00e9 et d\u2019adapter votre strat\u00e9gie pour tirer parti des diverses opportunit\u00e9s de trading.<\/p>\r\n                        <\/div>\r\n                    <\/div>\r\n                    <div class=\"col-lg-4 col-12\">\r\n                        <div class=\"m-box\">\r\n                            <h5>Strat\u00e9gies de gestion des risques<\/h5>\r\n                            <p>Vous permettant de g\u00e9rer efficacement les risques et de prot\u00e9ger vos fonds tout en optimisant vos rendements potentiels.<\/p>\r\n                        <\/div>\r\n                    <\/div>\r\n                <\/div>\r\n            <\/div>\r\n\r\n            <div class=\"advance-charting\">\r\n                <div class=\"row align-items-center\">\r\n                    <div class=\"col-lg-6 col-12\">\r\n                        <div class=\"left-side\">\r\n                            <h5>Outils d\u2019analyse et graphiques avanc\u00e9s<\/h5>\r\n                            <p>Restez \u00e0 l\u2019avant-garde des tendances du march\u00e9 gr\u00e2ce aux outils graphiques et d\u2019analyse avanc\u00e9s de KINMarkets. Que vous soyez un analyste technique ou que vous privil\u00e9giez une approche fondamentale, notre plateforme vous fournit des donn\u00e9es de march\u00e9 en temps r\u00e9el, des indicateurs techniques et des calendriers \u00e9conomiques pour prendre des d\u00e9cisions \u00e9clair\u00e9es.<\/p>\r\n                            <h5>Effet de levier et trading sur marge<\/h5>\r\n                            <p>D\u00e9bloquez un potentiel de rendement accru gr\u00e2ce \u00e0 l\u2019effet de levier dans le trading Forex en CFD. KINMarkets vous permet de contr\u00f4ler des positions plus importantes avec une fraction de leur valeur totale. Utilis\u00e9 \u00e0 bon escient, l\u2019effet de levier peut am\u00e9liorer votre strat\u00e9gie de trading et offrir une grande flexibilit\u00e9 dans la taille des positions.<\/p>\r\n                        <\/div>\r\n                    <\/div>\r\n                    <div class=\"col-lg-5 offset-lg-1 col-12\">\r\n                        <img decoding=\"async\" src=\"\/wp-content\/themes\/website-theme\/images\/fx-img.png\" alt=\"\" class=\"img-fluid\">\r\n                    <\/div>\r\n                <\/div>\r\n            <\/div>\r\n        <\/div>\r\n    <\/div>\r\n    <div class=\"clearfix\"><\/div>\r\n<\/div>\r\n","protected":false},"excerpt":{"rendered":"Lib\u00e9rez la puissance des CFD dans le trading Forex avec KinMarkets Embarquez pour un voyage transformateur dans le plus grand march\u00e9 financier du monde \u2013 le march\u00e9 des changes \u2013 gr\u00e2ce au trading de Contrats sur la Diff\u00e9rence (CFD) chez KINMarkets. Notre plateforme est con\u00e7ue pour autonomiser les traders de tous niveaux, en offrant une &hellip;","protected":false},"author":1,"featured_media":0,"parent":0,"menu_order":0,"comment_status":"closed","ping_status":"closed","template":"fullwidth-page.php","meta":{"footnotes":""},"class_list":["post-237","page","type-page","status-publish","hentry"],"_links":{"self":[{"href":"https:\/\/kinmarkets.com\/fr\/wp-json\/wp\/v2\/pages\/237","targetHints":{"allow":["GET"]}}],"collection":[{"href":"https:\/\/kinmarkets.com\/fr\/wp-json\/wp\/v2\/pages"}],"about":[{"href":"https:\/\/kinmarkets.com\/fr\/wp-json\/wp\/v2\/types\/page"}],"author":[{"embeddable":true,"href":"https:\/\/kinmarkets.com\/fr\/wp-json\/wp\/v2\/users\/1"}],"replies":[{"embeddable":true,"href":"https:\/\/kinmarkets.com\/fr\/wp-json\/wp\/v2\/comments?post=237"}],"version-history":[{"count":2,"href":"https:\/\/kinmarkets.com\/fr\/wp-json\/wp\/v2\/pages\/237\/revisions"}],"predecessor-version":[{"id":434,"href":"https:\/\/kinmarkets.com\/fr\/wp-json\/wp\/v2\/pages\/237\/revisions\/434"}],"wp:attachment":[{"href":"https:\/\/kinmarkets.com\/fr\/wp-json\/wp\/v2\/media?parent=237"}],"curies":[{"name":"wp","href":"https:\/\/api.w.org\/{rel}","templated":true}]}}