{"id":241,"date":"2024-09-06T12:24:28","date_gmt":"2024-09-06T12:24:28","guid":{"rendered":"https:\/\/kinmarkets.com\/deposit-and-withdrawals\/"},"modified":"2025-06-24T05:58:29","modified_gmt":"2025-06-24T05:58:29","slug":"deposit-and-withdrawals","status":"publish","type":"page","link":"https:\/\/kinmarkets.com\/fr\/deposit-and-withdrawals\/","title":{"rendered":"Deposit and Withdrawals"},"content":{"rendered":"<div class=\"inner-page-wrap deposit-page\">\r\n    <div class=\"container\">\r\n        <div class=\"row\">\r\n            <div class=\"col-12\">\r\n                <div class=\"power-of-cfd\">\r\n                    <h2>D\u00e9p\u00f4ts : <span> Commencez rapidement votre aventure de trading<\/span><\/h2>\r\n                    <h5>Effectuer un d\u00e9p\u00f4t chez KinMarkets est un processus simple, vous permettant d\u2019alimenter votre compte de trading et d\u2019entrer sur les march\u00e9s financiers en toute facilit\u00e9. Voici ce que vous devez savoir :<\/h5>\r\n                    <div class=\"cfd-boxes\">\r\n                        <div class=\"row\">\r\n                            <div class=\"col-lg-3 col-12\">\r\n                                <div class=\"cfd-box\">\r\n                                    <h5>M\u00e9thodes de paiement s\u00e9curis\u00e9es<\/h5>\r\n                                    <p>KinMarkets prend en charge plusieurs m\u00e9thodes de paiement s\u00e9curis\u00e9es, telles que les virements bancaires, cartes de cr\u00e9dit et portefeuilles \u00e9lectroniques populaires. Choisissez celle qui vous convient et effectuez votre d\u00e9p\u00f4t en toute confiance.<\/p>\r\n                                <\/div>\r\n                            <\/div>\r\n                            <div class=\"col-lg-3 col-12\">\r\n                                <div class=\"cfd-box\">\r\n                                    <h5>Interface de d\u00e9p\u00f4t intuitive<\/h5>\r\n                                    <p>Notre interface de d\u00e9p\u00f4t conviviale est con\u00e7ue pour \u00eatre simple. Rendez-vous sur votre tableau de bord, s\u00e9lectionnez l\u2019option de d\u00e9p\u00f4t et suivez les instructions pour alimenter votre compte sans difficult\u00e9.<\/p>\r\n                                <\/div>\r\n                            <\/div>\r\n                            <div class=\"col-lg-3 col-12\">\r\n                                <div class=\"cfd-box\">\r\n                                    <h5>Traitement en temps r\u00e9el<\/h5>\r\n                                    <p>Profitez d\u2019un traitement en temps r\u00e9el de vos d\u00e9p\u00f4ts avec KinMarkets. Une fois confirm\u00e9, votre compte est cr\u00e9dit\u00e9 imm\u00e9diatement pour vous permettre de saisir rapidement les opportunit\u00e9s du march\u00e9.<\/p>\r\n                                <\/div>\r\n                            <\/div>\r\n                            <div class=\"col-lg-3 col-12\">\r\n                                <div class=\"cfd-box\">\r\n                                    <h5>Options de devises<\/h5>\r\n                                    <p>KinMarkets vous offre une flexibilit\u00e9 avec un large choix de devises pour vos d\u00e9p\u00f4ts. S\u00e9lectionnez parmi les principales devises pour adapter votre strat\u00e9gie de trading \u00e0 l\u2019\u00e9chelle internationale.<\/p>\r\n                                <\/div>\r\n                            <\/div>\r\n                        <\/div>\r\n                    <\/div>\r\n                <\/div>\r\n            <\/div>\r\n        <\/div>\r\n    <\/div>\r\n    <div class=\"inner-page-top\">\r\n        <div class=\"container\">\r\n            <div class=\"mastering-forex-market\">\r\n                <div class=\"row\">\r\n                    <div class=\"col-12\">\r\n                        <h2>Retraits : <span> Acc\u00e9dez \u00e0 vos profits sans tracas<\/span><\/h2>\r\n                        <p>Retirer vos profits est une \u00e9tape essentielle de votre r\u00e9ussite en trading. KinMarkets garantit un processus de retrait simple, s\u00e9curis\u00e9 et efficace. Voici comment proc\u00e9der :<\/p>\r\n                    <\/div>\r\n                    <div class=\"col-lg-3 col-12\">\r\n                        <div class=\"m-box\">\r\n                            <h5>M\u00e9thodes de retrait s\u00e9curis\u00e9es<\/h5>\r\n                            <p>Choisissez parmi une gamme de m\u00e9thodes de retrait s\u00e9curis\u00e9es pour transf\u00e9rer vos fonds. KinMarkets accepte les virements bancaires, retraits par carte de cr\u00e9dit et portefeuilles \u00e9lectroniques pour s\u2019adapter \u00e0 vos besoins.<\/p>\r\n                        <\/div>\r\n                    <\/div>\r\n                    <div class=\"col-lg-3 col-12\">\r\n                        <div class=\"m-box\">\r\n                            <h5>Demandes de retrait simplifi\u00e9es<\/h5>\r\n                            <p>Effectuer une demande de retrait est facile avec KinMarkets. Acc\u00e9dez \u00e0 la section retrait depuis votre tableau de bord, entrez les informations requises et suivez les \u00e9tapes guid\u00e9es pour lancer le transfert de vos fonds.<\/p>\r\n                        <\/div>\r\n                    <\/div>\r\n                    <div class=\"col-lg-3 col-12\">\r\n                        <div class=\"m-box\">\r\n                            <h5>Traitement rapide<\/h5>\r\n                            <p>Nous savons que l\u2019acc\u00e8s rapide \u00e0 vos fonds est important. KinMarkets assure un traitement rapide des retraits afin que vous puissiez profiter de vos gains sans retard.<\/p>\r\n                        <\/div>\r\n                    <\/div>\r\n                    <div class=\"col-lg-3 col-12\">\r\n                        <div class=\"m-box\">\r\n                            <h5>Transparence et s\u00e9curit\u00e9<\/h5>\r\n                            <p>La s\u00e9curit\u00e9 est notre priorit\u00e9. KinMarkets applique les normes de s\u00e9curit\u00e9 les plus \u00e9lev\u00e9es pour garantir que vos fonds soient transf\u00e9r\u00e9s de mani\u00e8re s\u00e9curis\u00e9e vers la m\u00e9thode de retrait de votre choix.<\/p>\r\n                        <\/div>\r\n                    <\/div>\r\n                <\/div>\r\n            <\/div>\r\n            <div class=\"advance-charting\">\r\n                <div class=\"row align-items-center\">\r\n                    <div class=\"col-lg-6 col-12\">\r\n                        <div class=\"left-side\">\r\n                            <h2>S\u00e9curisez vos transactions : <span> L\u2019engagement KinMarkets<\/span><\/h2>\r\n                            <p>KinMarkets s\u2019engage \u00e0 offrir un environnement s\u00fbr et transparent pour toutes les transactions financi\u00e8res. Nos protocoles de cryptage et le respect des normes r\u00e9glementaires garantissent que vos d\u00e9p\u00f4ts et retraits sont effectu\u00e9s en toute s\u00e9curit\u00e9. Faites confiance \u00e0 KinMarkets pour vos fonds, et vivez une exp\u00e9rience de trading o\u00f9 vos op\u00e9rations financi\u00e8res sont aussi fiables que les march\u00e9s eux-m\u00eames.<\/p>\r\n                        <\/div>\r\n                    <\/div>\r\n                    <div class=\"col-lg-5 offset-lg-1 col-12\">\r\n                        <img decoding=\"async\" src=\"\/wp-content\/themes\/website-theme\/images\/dep1.png\" alt=\"\" class=\"img-fluid\">\r\n                    <\/div>\r\n                <\/div>\r\n            <\/div>\r\n        <\/div>\r\n    <\/div>\r\n    <div class=\"clearfix\"><\/div>\r\n<\/div>\r\n","protected":false},"excerpt":{"rendered":"D\u00e9p\u00f4ts : Commencez rapidement votre aventure de trading Effectuer un d\u00e9p\u00f4t chez KinMarkets est un processus simple, vous permettant d\u2019alimenter votre compte de trading et d\u2019entrer sur les march\u00e9s financiers en toute facilit\u00e9. Voici ce que vous devez savoir : M\u00e9thodes de paiement s\u00e9curis\u00e9es KinMarkets prend en charge plusieurs m\u00e9thodes de paiement s\u00e9curis\u00e9es, telles que &hellip;","protected":false},"author":1,"featured_media":0,"parent":0,"menu_order":0,"comment_status":"closed","ping_status":"closed","template":"fullwidth-page.php","meta":{"footnotes":""},"class_list":["post-241","page","type-page","status-publish","hentry"],"_links":{"self":[{"href":"https:\/\/kinmarkets.com\/fr\/wp-json\/wp\/v2\/pages\/241","targetHints":{"allow":["GET"]}}],"collection":[{"href":"https:\/\/kinmarkets.com\/fr\/wp-json\/wp\/v2\/pages"}],"about":[{"href":"https:\/\/kinmarkets.com\/fr\/wp-json\/wp\/v2\/types\/page"}],"author":[{"embeddable":true,"href":"https:\/\/kinmarkets.com\/fr\/wp-json\/wp\/v2\/users\/1"}],"replies":[{"embeddable":true,"href":"https:\/\/kinmarkets.com\/fr\/wp-json\/wp\/v2\/comments?post=241"}],"version-history":[{"count":2,"href":"https:\/\/kinmarkets.com\/fr\/wp-json\/wp\/v2\/pages\/241\/revisions"}],"predecessor-version":[{"id":444,"href":"https:\/\/kinmarkets.com\/fr\/wp-json\/wp\/v2\/pages\/241\/revisions\/444"}],"wp:attachment":[{"href":"https:\/\/kinmarkets.com\/fr\/wp-json\/wp\/v2\/media?parent=241"}],"curies":[{"name":"wp","href":"https:\/\/api.w.org\/{rel}","templated":true}]}}