{"id":243,"date":"2024-09-09T10:30:38","date_gmt":"2024-09-09T10:30:38","guid":{"rendered":"https:\/\/kinmarkets.com\/crypto\/"},"modified":"2025-06-24T05:35:14","modified_gmt":"2025-06-24T05:35:14","slug":"crypto","status":"publish","type":"page","link":"https:\/\/kinmarkets.com\/fr\/crypto\/","title":{"rendered":"Crypto"},"content":{"rendered":"<div class=\"inner-page-wrap crypto-page\">\r\n    <div class=\"container\">\r\n        <div class=\"advance-charting sec1\">Mati\u00e8res premi\u00e8res\r\n            <div class=\"row \">\r\n                <div class=\"col-lg-8 col-12\">\r\n                    <div class=\"left-side\">\r\n                        <h2>CFD sur Cryptomonnaies avec KinMarkets : Lib\u00e9rez le potentiel des actifs num\u00e9riques<\/h2>\r\n                        <h5>S\u00e9lection diversifi\u00e9e de cryptomonnaies : KinMarkets propose des CFD sur un large \u00e9ventail de cryptomonnaies, notamment Bitcoin, Ethereum, Ripple, et bien plus encore. Acc\u00e9dez \u00e0 une s\u00e9lection vari\u00e9e d\u2019actifs num\u00e9riques et profitez de la volatilit\u00e9 et du potentiel de croissance du march\u00e9 des cryptomonnaies.<\/h5>\r\n                        <h5>Opportunit\u00e9s de trading \u00e0 la baisse : Donnez-vous les moyens de tirer profit des mouvements de prix \u00e0 la hausse comme \u00e0 la baisse sur le march\u00e9 des cryptomonnaies gr\u00e2ce au trading \u00e0 d\u00e9couvert. Avec les CFD, vous pouvez vendre sans poss\u00e9der physiquement la cryptomonnaie, vous offrant ainsi une flexibilit\u00e9 pour vous adapter \u00e0 diverses conditions de march\u00e9.<\/h5>\r\n                    <\/div>\r\n                <\/div>\r\n                <div class=\"col-lg-4 col-12\">\r\n                    <img decoding=\"async\" class=\"img-fluid\" src=\"\/wp-content\/themes\/website-theme\/images\/crypto-img-01.png\" alt=\"\">\r\n                <\/div>\r\n            <\/div>\r\n        <\/div>\r\n        <div class=\"advance-charting sec2\">\r\n            <div class=\"row align-items-center flex-row-reverse\">\r\n                \r\n                <div class=\"col-lg-8 col-12\">\r\n                    <div class=\"left-side\">\r\n                        <h2>Rejoignez KinMarkets pour une exp\u00e9rience de trading CFD sur cryptomonnaies in\u00e9gal\u00e9e<\/h2>\r\n                        <h5>Rejoindre KinMarkets, c\u2019est int\u00e9grer une communaut\u00e9 de traders qui valorisent la collaboration et le partage de connaissances. \u00c9changez avec d&rsquo;autres traders, participez \u00e0 des forums et restez inform\u00e9 des derni\u00e8res tendances du march\u00e9 via notre plateforme interactive. Que vous soyez day trader, swing trader ou investisseur \u00e0 long terme, KinMarkets vous offre les outils, ressources et le soutien n\u00e9cessaires pour r\u00e9ussir dans l\u2019univers dynamique du trading CFD sur cryptomonnaies.<\/h5>\r\n                    <\/div>\r\n                <\/div>\r\n                <div class=\"col-lg-4 col-12\">\r\n                    <img decoding=\"async\" class=\"img-fluid\" src=\"\/wp-content\/themes\/website-theme\/images\/crypto-img-02.png\" alt=\"\">\r\n                <\/div>\r\n            <\/div>\r\n        <\/div>\r\n    <\/div>\r\n\r\n    <div class=\"clearfix\"><\/div>\r\n<\/div>\r\n","protected":false},"excerpt":{"rendered":"Mati\u00e8res premi\u00e8res CFD sur Cryptomonnaies avec KinMarkets : Lib\u00e9rez le potentiel des actifs num\u00e9riques S\u00e9lection diversifi\u00e9e de cryptomonnaies : KinMarkets propose des CFD sur un large \u00e9ventail de cryptomonnaies, notamment Bitcoin, Ethereum, Ripple, et bien plus encore. Acc\u00e9dez \u00e0 une s\u00e9lection vari\u00e9e d\u2019actifs num\u00e9riques et profitez de la volatilit\u00e9 et du potentiel de croissance du &hellip;","protected":false},"author":1,"featured_media":0,"parent":0,"menu_order":0,"comment_status":"closed","ping_status":"closed","template":"fullwidth-page.php","meta":{"footnotes":""},"class_list":["post-243","page","type-page","status-publish","hentry"],"_links":{"self":[{"href":"https:\/\/kinmarkets.com\/fr\/wp-json\/wp\/v2\/pages\/243","targetHints":{"allow":["GET"]}}],"collection":[{"href":"https:\/\/kinmarkets.com\/fr\/wp-json\/wp\/v2\/pages"}],"about":[{"href":"https:\/\/kinmarkets.com\/fr\/wp-json\/wp\/v2\/types\/page"}],"author":[{"embeddable":true,"href":"https:\/\/kinmarkets.com\/fr\/wp-json\/wp\/v2\/users\/1"}],"replies":[{"embeddable":true,"href":"https:\/\/kinmarkets.com\/fr\/wp-json\/wp\/v2\/comments?post=243"}],"version-history":[{"count":4,"href":"https:\/\/kinmarkets.com\/fr\/wp-json\/wp\/v2\/pages\/243\/revisions"}],"predecessor-version":[{"id":440,"href":"https:\/\/kinmarkets.com\/fr\/wp-json\/wp\/v2\/pages\/243\/revisions\/440"}],"wp:attachment":[{"href":"https:\/\/kinmarkets.com\/fr\/wp-json\/wp\/v2\/media?parent=243"}],"curies":[{"name":"wp","href":"https:\/\/api.w.org\/{rel}","templated":true}]}}