{"id":245,"date":"2024-09-02T14:59:48","date_gmt":"2024-09-02T14:59:48","guid":{"rendered":"https:\/\/kinmarkets.com\/contact-us\/"},"modified":"2025-06-24T05:10:10","modified_gmt":"2025-06-24T05:10:10","slug":"contact-us","status":"publish","type":"page","link":"https:\/\/kinmarkets.com\/fr\/contact-us\/","title":{"rendered":"Contact Us"},"content":{"rendered":"<div class=\"inner-page-wrap contact-us-page\">\r\n       <div class=\"inner-page-top\">\r\n\t\t<div class=\"container\">\r\n\t\t\t  <div class=\"row\">\r\n\t\t\t     <div class=\"col-lg-12\">\r\n\t\t\t\t\t  <h3>Contactez-nous<\/h3>\r\n\t\t\t\t\t  <p>Pour tout probl\u00e8me technique ou assistance li\u00e9e \u00e0 la plateforme, notre \u00e9quipe de support technique est pr\u00eate \u00e0 vous aider.<\/p>\r\n\t\t\t     <\/div>\r\n\t\t\t\t <div class=\"col-lg-6\">\r\n\t\t\t\t      <div class=\"contact-box\">\r\n\t\t\t\t\t     <div class=\"cb-img\"><img decoding=\"async\" class=\"img-fluid\" src=\"\/wp-content\/themes\/website-theme\/images\/contact-im-01.png\" alt=\"\"><\/div>\r\n\t\t\t\t\t\t <div class=\"cb-contact\">\r\n\t\t\t\t\t\t     <h3>Envoyez-nous un e-mail.<\/h3>\r\n\t\t\t\t\t\t\t <a href=\"mailto:support@kinmarkets.com\">support@kinmarkets.com<\/a>\r\n\t\t\t\t\t\t <\/div>\r\n\t\t\t\t\t  <\/div>\r\n\t\t\t\t <\/div>\r\n\t\t\t\t <div class=\"col-lg-6\">\r\n\t\t\t\t      <div class=\"contact-box\">\r\n\t\t\t\t\t     <div class=\"cb-img\"><img decoding=\"async\" class=\"img-fluid\" src=\"\/wp-content\/themes\/website-theme\/images\/contact-im-02.png\" alt=\"\"><\/div>\r\n\t\t\t\t\t\t <div class=\"cb-contact\">\r\n\t\t\t\t\t\t    <h3>Adresse<\/h3>\r\n\t\t\t\t\t\t\t<p>Moheli Corporate Services LTD, P.B. 1257 Bonovo Road, Fomboni, Comores, KM<\/p>\r\n\t\t\t\t\t\t <\/div>\r\n\t\t\t\t\t  <\/div>\r\n\t\t\t\t  <\/div>\r\n\t\t\t  <\/div>\r\n\t\t <\/div>\r\n    <\/div>\r\n<\/div>\r\n","protected":false},"excerpt":{"rendered":"Contactez-nous Pour tout probl\u00e8me technique ou assistance li\u00e9e \u00e0 la plateforme, notre \u00e9quipe de support technique est pr\u00eate \u00e0 vous aider. Envoyez-nous un e-mail. support@kinmarkets.com Adresse Moheli Corporate Services LTD, P.B. 1257 Bonovo Road, Fomboni, Comores, KM","protected":false},"author":1,"featured_media":0,"parent":0,"menu_order":0,"comment_status":"closed","ping_status":"closed","template":"fullwidth-page.php","meta":{"footnotes":""},"class_list":["post-245","page","type-page","status-publish","hentry"],"_links":{"self":[{"href":"https:\/\/kinmarkets.com\/fr\/wp-json\/wp\/v2\/pages\/245","targetHints":{"allow":["GET"]}}],"collection":[{"href":"https:\/\/kinmarkets.com\/fr\/wp-json\/wp\/v2\/pages"}],"about":[{"href":"https:\/\/kinmarkets.com\/fr\/wp-json\/wp\/v2\/types\/page"}],"author":[{"embeddable":true,"href":"https:\/\/kinmarkets.com\/fr\/wp-json\/wp\/v2\/users\/1"}],"replies":[{"embeddable":true,"href":"https:\/\/kinmarkets.com\/fr\/wp-json\/wp\/v2\/comments?post=245"}],"version-history":[{"count":2,"href":"https:\/\/kinmarkets.com\/fr\/wp-json\/wp\/v2\/pages\/245\/revisions"}],"predecessor-version":[{"id":422,"href":"https:\/\/kinmarkets.com\/fr\/wp-json\/wp\/v2\/pages\/245\/revisions\/422"}],"wp:attachment":[{"href":"https:\/\/kinmarkets.com\/fr\/wp-json\/wp\/v2\/media?parent=245"}],"curies":[{"name":"wp","href":"https:\/\/api.w.org\/{rel}","templated":true}]}}