{"id":247,"date":"2024-09-09T10:30:20","date_gmt":"2024-09-09T10:30:20","guid":{"rendered":"https:\/\/kinmarkets.com\/commodities\/"},"modified":"2025-06-24T05:35:23","modified_gmt":"2025-06-24T05:35:23","slug":"commodities","status":"publish","type":"page","link":"https:\/\/kinmarkets.com\/fr\/commodities\/","title":{"rendered":"Commodities"},"content":{"rendered":"<div class=\"inner-page-wrap commodities-page\">\r\n  <div class=\"container\">\r\n      <div class=\"advance-charting sec1\">\r\n          <div class=\"row align-items-center\">\r\n              <div class=\"col-lg-8 col-12\">\r\n                  <div class=\"left-side\">\r\n                      <h2>Strat\u00e9gies de trading de mati\u00e8res premi\u00e8res en CFD avec KinMarkets<\/h2>\r\n                      <h5>Tradez les mati\u00e8res premi\u00e8res en CFD avec confiance et succ\u00e8s gr\u00e2ce \u00e0 des approches strat\u00e9giques adapt\u00e9es au march\u00e9 des mati\u00e8res premi\u00e8res. Chez KinMarkets, nous comprenons qu&rsquo;une strat\u00e9gie bien d\u00e9finie est la cl\u00e9 pour lib\u00e9rer le plein potentiel de ce march\u00e9. D\u00e9couvrez ci-dessous des strat\u00e9gies \u00e9prouv\u00e9es con\u00e7ues pour renforcer votre r\u00e9ussite dans le trading de CFD sur les mati\u00e8res premi\u00e8res.<\/h5>\r\n                  <\/div>\r\n              <\/div>\r\n              <div class=\"col-lg-4 col-12\">\r\n                  <img decoding=\"async\" src=\"\/wp-content\/themes\/website-theme\/images\/comm-img-01.png\" alt=\"\" class=\"img-fluid\">\r\n              <\/div>\r\n          <\/div>\r\n      <\/div>\r\n  <\/div>\r\n\r\n  <div class=\"inner-page-top\">\r\n      <div class=\"container\">\r\n          <div class=\"row\">\r\n              <div class=\"col-12\">\r\n                  <div class=\"power-of-cfd\">\r\n                      <div class=\"cfd-boxes\">\r\n                          <div class=\"row\">\r\n                              <div class=\"col-lg-6 col-12\">\r\n                                  <div class=\"cfd-box\">\r\n                                      <h5>Analyse fondamentale<\/h5>\r\n                                      <p>Acqu\u00e9rez une compr\u00e9hension approfondie des facteurs influen\u00e7ant les prix des mati\u00e8res premi\u00e8res en int\u00e9grant l\u2019analyse fondamentale dans votre strat\u00e9gie de trading.<\/p>\r\n                                  <\/div>\r\n                              <\/div>\r\n                              <div class=\"col-lg-6 col-12\">\r\n                                  <div class=\"cfd-box\">\r\n                                      <h5>Trading saisonnier<\/h5>\r\n                                      <p>Explorez les strat\u00e9gies de trading saisonnier, en tenant compte du fait que certaines mati\u00e8res premi\u00e8res pr\u00e9sentent des sch\u00e9mas de prix r\u00e9currents bas\u00e9s sur des facteurs saisonniers.<\/p>\r\n                                  <\/div>\r\n                              <\/div>\r\n                          <\/div>\r\n                      <\/div>\r\n                  <\/div>\r\n              <\/div>\r\n          <\/div>\r\n\r\n          <div class=\"advance-charting sec3\">\r\n              <div class=\"row align-items-center\">\r\n                  <div class=\"col-lg-5 col-12\">\r\n                      <img decoding=\"async\" src=\"\/wp-content\/themes\/website-theme\/images\/comm-img-02.png\" alt=\"\" class=\"img-fluid\">\r\n                  <\/div>\r\n                  <div class=\"col-lg-7 col-12\">\r\n                      <div class=\"left-side\">\r\n                          <h2>Saisir les opportunit\u00e9s : trading de CFD sur mati\u00e8res premi\u00e8res avec KinMarkets<\/h2>\r\n                          <h5>Partez pour un voyage dynamique dans l\u2019univers du trading de mati\u00e8res premi\u00e8res avec KinMarkets, o\u00f9 les Contrats sur la Diff\u00e9rence (CFD) ouvrent les portes d\u2019un monde d\u2019opportunit\u00e9s diverses et lucratives. Alors que le march\u00e9 mondial \u00e9volue, les traders doivent aller au-del\u00e0 des investissements traditionnels pour explorer les mati\u00e8res premi\u00e8res. D\u00e9couvrez pourquoi KinMarkets s\u2019impose comme la plateforme de choix pour ceux qui souhaitent ma\u00eetriser les complexit\u00e9s du trading de CFD sur les mati\u00e8res premi\u00e8res avec confiance et innovation.<\/h5>\r\n                      <\/div>\r\n                  <\/div>\r\n              <\/div>\r\n          <\/div>\r\n      <\/div>\r\n  <\/div>\r\n\r\n  <div class=\"clearfix\"><\/div>\r\n<\/div>\r\n","protected":false},"excerpt":{"rendered":"Strat\u00e9gies de trading de mati\u00e8res premi\u00e8res en CFD avec KinMarkets Tradez les mati\u00e8res premi\u00e8res en CFD avec confiance et succ\u00e8s gr\u00e2ce \u00e0 des approches strat\u00e9giques adapt\u00e9es au march\u00e9 des mati\u00e8res premi\u00e8res. Chez KinMarkets, nous comprenons qu&rsquo;une strat\u00e9gie bien d\u00e9finie est la cl\u00e9 pour lib\u00e9rer le plein potentiel de ce march\u00e9. D\u00e9couvrez ci-dessous des strat\u00e9gies \u00e9prouv\u00e9es &hellip;","protected":false},"author":1,"featured_media":0,"parent":0,"menu_order":0,"comment_status":"closed","ping_status":"closed","template":"fullwidth-page.php","meta":{"footnotes":""},"class_list":["post-247","page","type-page","status-publish","hentry"],"_links":{"self":[{"href":"https:\/\/kinmarkets.com\/fr\/wp-json\/wp\/v2\/pages\/247","targetHints":{"allow":["GET"]}}],"collection":[{"href":"https:\/\/kinmarkets.com\/fr\/wp-json\/wp\/v2\/pages"}],"about":[{"href":"https:\/\/kinmarkets.com\/fr\/wp-json\/wp\/v2\/types\/page"}],"author":[{"embeddable":true,"href":"https:\/\/kinmarkets.com\/fr\/wp-json\/wp\/v2\/users\/1"}],"replies":[{"embeddable":true,"href":"https:\/\/kinmarkets.com\/fr\/wp-json\/wp\/v2\/comments?post=247"}],"version-history":[{"count":2,"href":"https:\/\/kinmarkets.com\/fr\/wp-json\/wp\/v2\/pages\/247\/revisions"}],"predecessor-version":[{"id":436,"href":"https:\/\/kinmarkets.com\/fr\/wp-json\/wp\/v2\/pages\/247\/revisions\/436"}],"wp:attachment":[{"href":"https:\/\/kinmarkets.com\/fr\/wp-json\/wp\/v2\/media?parent=247"}],"curies":[{"name":"wp","href":"https:\/\/api.w.org\/{rel}","templated":true}]}}