{"id":249,"date":"2024-09-06T07:37:38","date_gmt":"2024-09-06T07:37:38","guid":{"rendered":"https:\/\/kinmarkets.com\/account\/"},"modified":"2025-11-21T13:49:50","modified_gmt":"2025-11-21T13:49:50","slug":"account","status":"publish","type":"page","link":"https:\/\/kinmarkets.com\/fr\/account\/","title":{"rendered":"Account"},"content":{"rendered":"<div class=\"inner-page-wrap account-page\">\r\n    <div class=\"container\">\r\n        <div class=\"row\">\r\n            <div class=\"col-lg-3 col-12\">\r\n                <div class=\"acc-box\">\r\n                    <img decoding=\"async\" src=\"\/wp-content\/themes\/website-theme\/images\/acc-img-01.png\" alt=\"\">\r\n                    <h2>Compte <br> Standard<\/h2>\r\n                    <p>Le compte Standard de KinMarkets est votre point d\u2019entr\u00e9e sur les march\u00e9s financiers. Offrant des spreads comp\u00e9titifs et une large s\u00e9lection d\u2019actifs n\u00e9gociables, ce type de compte est con\u00e7u pour \u00eatre accessible et facile \u00e0 utiliser. Que vous soyez un trader d\u00e9butant ou un investisseur exp\u00e9riment\u00e9, le compte Standard constitue une base fiable pour votre parcours de trading.<\/p>\r\n                    <ul class=\"list\">\r\n                        <li>Spreads comp\u00e9titifs<\/li>\r\n                        <li>Large s\u00e9lection d\u2019actifs n\u00e9gociables<\/li>\r\n                        <li>Con\u00e7u pour \u00eatre accessible et facile \u00e0 utiliser<\/li>\r\n                        <li>Adapt\u00e9 aux d\u00e9butants comme aux traders exp\u00e9riment\u00e9s<\/li>\r\n                    <\/ul>\r\n                    <div class=\"acc-btn\">\r\n                        <a href=\"https:\/\/clientzone.kinmarkets.com\/fr\/real\" class=\"common-btn\">Choisir<\/a>\r\n                    <\/div>\r\n                <\/div>\r\n            <\/div>\r\n            <div class=\"col-lg-3 col-12\">\r\n                <div class=\"acc-box\">\r\n                    <img decoding=\"async\" src=\"\/wp-content\/themes\/website-theme\/images\/acc-img-02.png\" alt=\"\">\r\n                    <h2>Compte <br> Premium<\/h2>\r\n                    <p>\u00c9levez votre exp\u00e9rience de trading avec le compte Premium de KinMarkets. Con\u00e7u pour ceux qui recherchent des fonctionnalit\u00e9s sup\u00e9rieures et un service personnalis\u00e9, ce compte offre des spreads r\u00e9duits, un support client prioritaire et des outils de trading avanc\u00e9s. Entrez dans un univers exclusif o\u00f9 votre parcours de trading atteint de nouveaux sommets.<\/p>\r\n                    <ul class=\"list\">\r\n                        <li>Spreads r\u00e9duits<\/li>\r\n                        <li>Support client prioritaire<\/li>\r\n                        <li>Outils de trading avanc\u00e9s<\/li>\r\n                        <li>Con\u00e7u pour ceux qui recherchent des fonctionnalit\u00e9s sup\u00e9rieures<\/li>\r\n                        <li>Exp\u00e9rience de trading exclusive<\/li>\r\n                    <\/ul>\r\n                    <div class=\"acc-btn\">\r\n                        <a href=\"https:\/\/clientzone.kinmarkets.com\/fr\/real\" class=\"common-btn\">Choisir<\/a>\r\n                    <\/div>\r\n                <\/div>\r\n            <\/div>\r\n            <div class=\"col-lg-3 col-12\">\r\n                <div class=\"acc-box\">\r\n                    <img decoding=\"async\" src=\"\/wp-content\/themes\/website-theme\/images\/acc-img-03.png\" alt=\"\">\r\n                    <h2>Compte <br> Pro<\/h2>\r\n                    <p>Con\u00e7u pour les traders chevronn\u00e9s, le compte Pro de KinMarkets repr\u00e9sente le sommet de nos offres. B\u00e9n\u00e9ficiez de spreads plus serr\u00e9s, d\u2019une latence r\u00e9duite et d\u2019un acc\u00e8s prioritaire \u00e0 des outils avanc\u00e9s et \u00e0 des analyses de march\u00e9. Ce type de compte r\u00e9pond aux exigences des strat\u00e9gies de trading sophistiqu\u00e9es, en fournissant aux professionnels les ressources n\u00e9cessaires pour r\u00e9ussir.<\/p>\r\n                    <ul class=\"list\">\r\n                        <li>Spreads tr\u00e8s comp\u00e9titifs<\/li>\r\n                        <li>Latence r\u00e9duite<\/li>\r\n                        <li>Acc\u00e8s prioritaire aux outils et analyses de march\u00e9<\/li>\r\n                        <li>Con\u00e7u pour les traders exp\u00e9riment\u00e9s<\/li>\r\n                        <li>Adapt\u00e9 aux strat\u00e9gies de trading avanc\u00e9es<\/li>\r\n                    <\/ul>\r\n                    <div class=\"acc-btn\">\r\n                        <a href=\"https:\/\/clientzone.kinmarkets.com\/fr\/real\" class=\"common-btn\">Choisir<\/a>\r\n                    <\/div>\r\n                <\/div>\r\n            <\/div>\r\n            <div class=\"col-lg-3 col-12\">\r\n                <div class=\"acc-box\">\r\n                    <img decoding=\"async\" src=\"\/wp-content\/themes\/website-theme\/images\/acc-img-04.png\" alt=\"\">\r\n                    <h2>Compte <br> Corporate<\/h2>\r\n                    <p>En plus des comptes individuels, KinMarkets propose le compte Corporate d\u00e9di\u00e9 aux entreprises. Ce compte est id\u00e9al pour les soci\u00e9t\u00e9s actives sur le march\u00e9 du forex et autres march\u00e9s financiers, offrant des fonctionnalit\u00e9s sp\u00e9cifiques telles que la gestion de fonds d\u2019entreprise, l\u2019acc\u00e8s multi-utilisateurs et des capacit\u00e9s de reporting renforc\u00e9es. C\u2019est le choix parfait pour les entreprises souhaitant optimiser leur portefeuille financier.<\/p>\r\n                    <ul class=\"list\">\r\n                        <li>Sp\u00e9cialement con\u00e7u pour les entreprises<\/li>\r\n                        <li>Gestion de fonds d\u2019entreprise<\/li>\r\n                        <li>Acc\u00e8s multi-utilisateurs<\/li>\r\n                        <li>Rapports avanc\u00e9s et d\u00e9taill\u00e9s<\/li>\r\n                        <li>Id\u00e9al pour les soci\u00e9t\u00e9s op\u00e9rant sur les march\u00e9s financiers<\/li>\r\n                    <\/ul>\r\n                    <div class=\"acc-btn\">\r\n                        <a href=\"https:\/\/clientzone.kinmarkets.com\/fr\/real\" class=\"common-btn\">Choisir<\/a>\r\n                    <\/div>\r\n                <\/div>\r\n            <\/div>\r\n        <\/div>\r\n    <\/div>\r\n    <div class=\"clearfix\"><\/div>\r\n<\/div>\r\n","protected":false},"excerpt":{"rendered":"Compte Standard Le compte Standard de KinMarkets est votre point d\u2019entr\u00e9e sur les march\u00e9s financiers. Offrant des spreads comp\u00e9titifs et une large s\u00e9lection d\u2019actifs n\u00e9gociables, ce type de compte est con\u00e7u pour \u00eatre accessible et facile \u00e0 utiliser. Que vous soyez un trader d\u00e9butant ou un investisseur exp\u00e9riment\u00e9, le compte Standard constitue une base fiable &hellip;","protected":false},"author":1,"featured_media":0,"parent":0,"menu_order":0,"comment_status":"closed","ping_status":"closed","template":"fullwidth-page.php","meta":{"footnotes":""},"class_list":["post-249","page","type-page","status-publish","hentry"],"_links":{"self":[{"href":"https:\/\/kinmarkets.com\/fr\/wp-json\/wp\/v2\/pages\/249","targetHints":{"allow":["GET"]}}],"collection":[{"href":"https:\/\/kinmarkets.com\/fr\/wp-json\/wp\/v2\/pages"}],"about":[{"href":"https:\/\/kinmarkets.com\/fr\/wp-json\/wp\/v2\/types\/page"}],"author":[{"embeddable":true,"href":"https:\/\/kinmarkets.com\/fr\/wp-json\/wp\/v2\/users\/1"}],"replies":[{"embeddable":true,"href":"https:\/\/kinmarkets.com\/fr\/wp-json\/wp\/v2\/comments?post=249"}],"version-history":[{"count":5,"href":"https:\/\/kinmarkets.com\/fr\/wp-json\/wp\/v2\/pages\/249\/revisions"}],"predecessor-version":[{"id":487,"href":"https:\/\/kinmarkets.com\/fr\/wp-json\/wp\/v2\/pages\/249\/revisions\/487"}],"wp:attachment":[{"href":"https:\/\/kinmarkets.com\/fr\/wp-json\/wp\/v2\/media?parent=249"}],"curies":[{"name":"wp","href":"https:\/\/api.w.org\/{rel}","templated":true}]}}