{"id":258,"date":"2024-08-31T09:40:29","date_gmt":"2024-08-31T09:40:29","guid":{"rendered":"https:\/\/kinmarkets.com\/home-page\/"},"modified":"2025-11-21T13:44:55","modified_gmt":"2025-11-21T13:44:55","slug":"home-page","status":"publish","type":"page","link":"https:\/\/kinmarkets.com\/fr\/","title":{"rendered":"Home Page"},"content":{"rendered":"<div class=\"top-line\">\r\n\r\n    <div class=\"homebanner\">\r\n      <div class=\"content_block\" id=\"custom_post_widget-16\"><div id=\"carousel-example-generic\" class=\"carousel slide\" data-ride=\"carousel\">\r\n  <div class=\"carousel-inner\">\r\n    <div class=\"item active\">\r\n      <img decoding=\"async\" class=\"img-fluid\" src=\"\/wp-content\/themes\/website-theme\/images\/banner-bg.jpg\" alt=\"Premi\u00e8re diapositive\">\r\n      <div class=\"carousel-caption\">\r\n        <div class=\"container\">\r\n          <div class=\"hps-content\">\r\n            <div class=\"row\">\r\n              <div class=\"col-lg-7\">\r\n                <h2>KinMarkets guide<br> votre parcours de trading<\/h2>\r\n                <p>Entamez un voyage vers le succ\u00e8s financier avec KinMarkets, o\u00f9 chaque trade compte.<\/p>\r\n                <div class=\"banner-btn\">\r\n                  <a href=\"https:\/\/clientzone.kinmarkets.com\/fr\/real\" class=\"common-btn\">Ouvrir un compte<\/a>\r\n                  <a href=\"https:\/\/clientzone.kinmarkets.com\/fr\/user\/login\" class=\"common-btn\">Commencer \u00e0 trader<\/a>\r\n                <\/div>\r\n              <\/div>\r\n              <div class=\"col-lg-5\">\r\n                <img decoding=\"async\" class=\"img-fluid\" src=\"\/wp-content\/themes\/website-theme\/images\/banner-mobile.png\" alt=\"Premi\u00e8re diapositive\"> \r\n              <\/div>\r\n            <\/div>\r\n          <\/div>\r\n        <\/div>\r\n      <\/div>\r\n    <\/div>\r\n  <\/div>\r\n<\/div>\r\n<\/div>\r\n    <\/div>\r\n    \r\n    <div class=\"section hp-green-section\">\r\n      <div class=\"container\">\r\n       <div class=\"gs-box-wrap\">\r\n        <div class=\"row\">\r\n          <div class=\"col-md-4 no-padding\">\r\n            <div class=\"gs-box\">\r\n              <span class=\"icon gs-01\"><\/span>\r\n              <h3>CLASSES<br> D&rsquo;ACTIFS<\/h3>\r\n            <\/div>\r\n          <\/div>\r\n          <div class=\"col-md-4 no-padding\">\r\n            <div class=\"gs-box\">\r\n              <span class=\"icon gs-02\"><\/span>\r\n              <h3>PLATEFORMES<br> DE TRADING<\/h3>\r\n            <\/div>\r\n          <\/div>\r\n          <div class=\"col-md-4 no-padding\">\r\n            <div class=\"gs-box rb-0\">\r\n              <span class=\"icon gs-03\"><\/span>\r\n              <h3>INSTRUMENTS<br> N\u00c9GOCIABLES<\/h3>\r\n            <\/div>\r\n          <\/div>\r\n        <\/div>\r\n        <\/div>\r\n      <\/div> \r\n    <\/div>\r\n    \r\n    <\/div>\r\n    \r\n    <div class=\"section hp-aboutus-section\">\r\n      <div class=\"container\">\r\n       \r\n       <div class=\"about-us-top\">\r\n        <div class=\"row\">\r\n          <div class=\"col-lg-12\">\r\n            <h3>\u00c0 propos de nous<\/h3>\r\n            <h2><span>Faites confiance<\/span> \u00e0 notre courtier prim\u00e9<\/h2>\r\n            <p>Bienvenue chez KinMarkets, o\u00f9 la prosp\u00e9rit\u00e9 rencontre la personnalisation. Notre plateforme est con\u00e7ue pour r\u00e9pondre \u00e0 vos besoins de trading uniques, offrant un acc\u00e8s personnalis\u00e9 vers la r\u00e9ussite financi\u00e8re. Gr\u00e2ce \u00e0 un design centr\u00e9 sur l&rsquo;utilisateur et un support expert, KinMarkets est pr\u00eate \u00e0 devenir la plateforme sur laquelle vos objectifs financiers trouvent leur voie vers la r\u00e9ussite. Notre engagement \u00e0 offrir des exp\u00e9riences fluides sur des plateformes de pointe s&rsquo;aligne avec notre vision d\u2019excellence qui r\u00e9sonne chez chaque trader. Rejoignez-nous pour c\u00e9l\u00e9brer un quart de si\u00e8cle de succ\u00e8s et fa\u00e7onner l&rsquo;avenir du courtage.<\/p>\r\n          <\/div>\r\n        <\/div>\r\n       <\/div>\r\n        \r\n       <div class=\"about-us-bottom\">\r\n        <div class=\"ab-border clearfix\">\r\n          <div class=\"row\">\r\n           <div class=\"col-lg-12\">\r\n            <div class=\"grey-box\">\r\n              <h2>Pourquoi choisir les CFD pour votre <span>portefeuille d&rsquo;investissement<\/span><\/h2>\r\n              <p>Le trading de CFD offre plusieurs avantages cl\u00e9s, ce qui en fait une option attrayante pour les investisseurs d\u00e9butants comme exp\u00e9riment\u00e9s. En comprenant les b\u00e9n\u00e9fices des CFD, les traders peuvent profiter des mouvements de march\u00e9 tout en g\u00e9rant efficacement leurs risques.<\/p>\r\n            <\/div>\r\n           <\/div>\r\n           <\/div>\r\n        <\/div>\r\n        <div class=\"ab-border clearfix\">\r\n          <div class=\"row\">\r\n           <div class=\"col-lg-6\">\r\n             <div class=\"grey-box\">\r\n                <h4>Effet de levier pour une exposition maximale au march\u00e9<\/h4>\r\n                <p>Les CFD permettent d&rsquo;utiliser un effet de levier, donnant aux traders la possibilit\u00e9 de contr\u00f4ler de plus grandes positions avec un investissement initial r\u00e9duit. Cela augmente les profits potentiels, mais aussi les pertes, rendant la gestion des risques essentielle.<\/p>\r\n             <\/div>\r\n           <\/div>\r\n           <div class=\"col-lg-6\">\r\n              <img decoding=\"async\" class=\"img-fluid\" src=\"\/wp-content\/themes\/website-theme\/images\/S02-img-01.png\" alt=\"\">\r\n           <\/div>\r\n          <\/div>\r\n        <\/div>\r\n        <div class=\"ab-border clearfix\">\r\n          <div class=\"row\">\r\n           <div class=\"col-lg-6\">\r\n              <img decoding=\"async\" class=\"img-fluid\" src=\"\/wp-content\/themes\/website-theme\/images\/S02-img-02.png\" alt=\"\">\r\n           <\/div>\r\n           <div class=\"col-lg-6\">\r\n             <div class=\"grey-box\">\r\n                <h4>Acc\u00e8s \u00e0 plusieurs classes d&rsquo;actifs<\/h4>\r\n                <p>Avec les CFD, vous pouvez trader sur divers march\u00e9s, y compris le forex, les mati\u00e8res premi\u00e8res, les indices et les cryptomonnaies, depuis une seule plateforme. Cet acc\u00e8s large au march\u00e9 permet aux traders de diversifier leurs portefeuilles et de saisir les opportunit\u00e9s mondiales.<\/p>\r\n             <\/div>\r\n           <\/div>\r\n          <\/div>\r\n        <\/div>\r\n       <\/div>\r\n      \r\n      <\/div>\r\n    <\/div>\r\n    \r\n    <div class=\"section journey-section\">\r\n      <div class=\"container\">\r\n      <div class=\"journey-left-line\"> \r\n        <div class=\"row\">\r\n        \r\n          <div class=\"col-lg-12\">\r\n            <h2><span>Votre parcours<\/span> vers le<br> profit commence ici<\/h2>\r\n            <a class=\"common-btn\" href=\"https:\/\/kinmarkets.com\/fr\/about-us\/\">D\u00e9couvrir<\/a>\r\n          <\/div>\r\n          \r\n          <div class=\"clearfix\"><\/div>\r\n          \r\n          <div class=\"col-lg-4\">\r\n             <div class=\"js-box\">\r\n               <div class=\"icon js01\"><\/div>\r\n               <h3>Int\u00e9grit\u00e9<\/h3>\r\n               <p>L&rsquo;int\u00e9grit\u00e9 est la pierre angulaire de nos op\u00e9rations. Nous agissons avec une transparence totale et les normes \u00e9thiques les plus strictes pour garantir un traitement juste et honn\u00eate \u00e0 chaque client.<\/p>\r\n             <\/div>\r\n          <\/div>\r\n          <div class=\"col-lg-4\">\r\n             <div class=\"js-box\">\r\n               <div class=\"icon js02\"><\/div>\r\n               <h3>Innovation<\/h3>\r\n               <p>Nous adoptons les technologies et strat\u00e9gies de trading les plus innovantes. Notre qu\u00eate d&rsquo;excellence est constante pour am\u00e9liorer nos services et offrir un avantage concurrentiel \u00e0 nos clients.<\/p>\r\n             <\/div>\r\n          <\/div>\r\n          <div class=\"col-lg-4\">\r\n             <div class=\"js-box\">\r\n               <div class=\"icon js03\"><\/div>\r\n               <h3>Autonomisation<\/h3>\r\n               <p>Notre objectif est d\u2019autonomiser les individus et les organisations afin qu\u2019ils puissent prendre en main leur avenir financier. Nous croyons que les march\u00e9s doivent \u00eatre accessibles \u00e0 tous et \u0153uvrons \u00e0 cela par l&rsquo;\u00e9ducation et le soutien.<\/p>\r\n             <\/div>\r\n          <\/div> \r\n          \r\n        <\/div>\r\n        <\/div>\r\n      <\/div>\r\n    <\/div>\r\n    \r\n    <div class=\"section products-section\">\r\n      <div class=\"container\">\r\n        <div class=\"row\">\r\n         \r\n         <div class=\"col-lg-12\">\r\n           <div class=\"pro-box forex\">\r\n             <div class=\"pro-box-content\">\r\n               <h4>Trading de CFD sur Forex<\/h4>\r\n               <p>Le trading de CFD sur le Forex implique l\u2019achat et la vente de paires de devises sur le march\u00e9 mondial. Les traders visent \u00e0 tirer profit des fluctuations des taux de change.<\/p>\r\n               <a class=\"common-btn\" href=\"https:\/\/kinmarkets.com\/fr\/forex\/\">En savoir plus<\/a>\r\n             <\/div>\r\n             <div class=\"pro-box-img\">\r\n                 <img decoding=\"async\" class=\"img-fluid\" src=\"\/wp-content\/themes\/website-theme\/images\/S04-img-01.png\" alt=\"\">\r\n             <\/div>\r\n          <\/div>\r\n        <\/div>\r\n        \r\n        <div class=\"col-lg-6\">\r\n          <div class=\"pro-box\">\r\n           <div class=\"pro-box-content\">\r\n             <h4>Trading de CFD sur Mati\u00e8res Premi\u00e8res<\/h4>\r\n             <p>Le trading de CFD sur mati\u00e8res premi\u00e8res consiste \u00e0 acheter et vendre des biens physiques comme l&rsquo;or, le p\u00e9trole et les produits agricoles.<\/p>\r\n             <a class=\"common-btn\" href=\"https:\/\/kinmarkets.com\/fr\/commodities\/\">En savoir plus<\/a>\r\n           <\/div>\r\n            <div class=\"pro-box-img\">\r\n                 <img decoding=\"async\" class=\"img-fluid\" src=\"\/wp-content\/themes\/website-theme\/images\/S04-img-02.png\" alt=\"\">\r\n             <\/div>\r\n          <\/div>\r\n        <\/div>\r\n        \r\n           <div class=\"col-lg-6\">\r\n         <div class=\"pro-box\">\r\n          <div class=\"pro-box-content\">\r\n            <h4>Trading de CFD sur Indices<\/h4>\r\n            <p>Ces CFD sur indices servent de r\u00e9f\u00e9rence, refl\u00e9tant la performance collective des actions sous-jacentes. Les traders peuvent prendre position selon qu&rsquo;ils pensent que l\u2019indice va monter ou baisser.<\/p>\r\n            <a class=\"common-btn\" href=\"https:\/\/kinmarkets.com\/fr\/indices\/\">En savoir plus<\/a>\r\n          <\/div>\r\n          <div class=\"pro-box-img\">\r\n            <img decoding=\"async\" class=\"img-fluid\" src=\"\/wp-content\/themes\/website-theme\/images\/S04-img-03.png\" alt=\"\">\r\n          <\/div>\r\n         <\/div>\r\n        <\/div>\r\n    \r\n        <div class=\"col-lg-12\">\r\n           <div class=\"pro-box forex\">\r\n             <div class=\"pro-box-content\">\r\n               <h4>Trading d\u2019Actions<\/h4>\r\n               <p>Les traders peuvent sp\u00e9culer sur l\u2019\u00e9volution d\u2019un march\u00e9 global ou de secteurs sp\u00e9cifiques sans acheter d\u2019actions individuelles.<\/p>\r\n               <a class=\"common-btn\" href=\"https:\/\/kinmarkets.com\/fr\/stocks\/\">En savoir plus<\/a>\r\n             <\/div>\r\n             <div class=\"pro-box-img\">\r\n               <img decoding=\"async\" class=\"img-fluid\" src=\"\/wp-content\/themes\/website-theme\/images\/S04-img-04.png\" alt=\"\">\r\n             <\/div>\r\n          <\/div>\r\n        <\/div>   \r\n        \r\n    <\/div> \r\n    <\/div> \r\n    <\/div> \r\n    \r\n    <div class=\"section advanced-section\">\r\n      <div class=\"container\">\r\n       <div class=\"row\">\r\n          <div class=\"col-lg-12\">\r\n             <h2><span>Strat\u00e9gies avanc\u00e9es<\/span> et analyses pour un investissement en actions expert<\/h2>\r\n             <p>Pour ma\u00eetriser l&rsquo;art de l&rsquo;investissement en actions, il est essentiel d&rsquo;explorer des strat\u00e9gies avanc\u00e9es et de mieux comprendre les dynamiques du march\u00e9. Ce guide vous propose des tactiques sp\u00e9cialis\u00e9es, des opportunit\u00e9s dans les march\u00e9s \u00e9mergents et une lecture des cycles de march\u00e9 pour vous aider \u00e0 devenir un investisseur aguerri.<\/p>\r\n             <div class=\"banner-btn\">\r\n                <a href=\"https:\/\/clientzone.kinmarkets.com\/fr\/real\" class=\"common-btn\">Ouvrir un compte<\/a>\r\n                <a href=\"https:\/\/clientzone.kinmarkets.com\/fr\/user\/login\" class=\"common-btn\">Commencer \u00e0 trader<\/a>\r\n             <\/div>\r\n          <\/div>\r\n           <div class=\"col-lg-12\">\r\n             <img decoding=\"async\" class=\"img-fluid\" src=\"\/wp-content\/themes\/website-theme\/images\/S05-img.png\" alt=\"\">\r\n          <\/div>\r\n      <\/div>\r\n    <\/div>\r\n    <\/div>\r\n","protected":false},"excerpt":{"rendered":"CLASSES D&rsquo;ACTIFS PLATEFORMES DE TRADING INSTRUMENTS N\u00c9GOCIABLES \u00c0 propos de nous Faites confiance \u00e0 notre courtier prim\u00e9 Bienvenue chez KinMarkets, o\u00f9 la prosp\u00e9rit\u00e9 rencontre la personnalisation. Notre plateforme est con\u00e7ue pour r\u00e9pondre \u00e0 vos besoins de trading uniques, offrant un acc\u00e8s personnalis\u00e9 vers la r\u00e9ussite financi\u00e8re. Gr\u00e2ce \u00e0 un design centr\u00e9 sur l&rsquo;utilisateur et un &hellip;","protected":false},"author":1,"featured_media":0,"parent":0,"menu_order":0,"comment_status":"closed","ping_status":"closed","template":"homepage.php","meta":{"footnotes":""},"class_list":["post-258","page","type-page","status-publish","hentry"],"_links":{"self":[{"href":"https:\/\/kinmarkets.com\/fr\/wp-json\/wp\/v2\/pages\/258","targetHints":{"allow":["GET"]}}],"collection":[{"href":"https:\/\/kinmarkets.com\/fr\/wp-json\/wp\/v2\/pages"}],"about":[{"href":"https:\/\/kinmarkets.com\/fr\/wp-json\/wp\/v2\/types\/page"}],"author":[{"embeddable":true,"href":"https:\/\/kinmarkets.com\/fr\/wp-json\/wp\/v2\/users\/1"}],"replies":[{"embeddable":true,"href":"https:\/\/kinmarkets.com\/fr\/wp-json\/wp\/v2\/comments?post=258"}],"version-history":[{"count":2,"href":"https:\/\/kinmarkets.com\/fr\/wp-json\/wp\/v2\/pages\/258\/revisions"}],"predecessor-version":[{"id":482,"href":"https:\/\/kinmarkets.com\/fr\/wp-json\/wp\/v2\/pages\/258\/revisions\/482"}],"wp:attachment":[{"href":"https:\/\/kinmarkets.com\/fr\/wp-json\/wp\/v2\/media?parent=258"}],"curies":[{"name":"wp","href":"https:\/\/api.w.org\/{rel}","templated":true}]}}