{"id":259,"date":"2024-09-06T07:38:25","date_gmt":"2024-09-06T07:38:25","guid":{"rendered":"https:\/\/kinmarkets.com\/indices\/"},"modified":"2025-06-24T05:36:23","modified_gmt":"2025-06-24T05:36:23","slug":"indices","status":"publish","type":"page","link":"https:\/\/kinmarkets.com\/fr\/indices\/","title":{"rendered":"Indices"},"content":{"rendered":"<div class=\"inner-page-wrap indices-page\">\r\n    <div class=\"container\">\r\n        <div class=\"row\">\r\n            <div class=\"col-12\">\r\n                <div class=\"power-of-cfd\">\r\n                    <div class=\"cfd-boxes\">\r\n                        <div class=\"row\">\r\n                            <div class=\"col-lg-3 col-12\">\r\n                                <div class=\"cfd-box\">\r\n                                    <h5>Comprendre les CFD dans le Forex :<\/h5>\r\n                                    <p>D\u00e9couvrez les avantages uniques du trading Forex via les CFD. VXMMarkets vous permet de sp\u00e9culer sur les mouvements de prix des devises sans poss\u00e9der les devises elles-m\u00eames.<\/p>\r\n                                <\/div>\r\n                            <\/div>\r\n                            <div class=\"col-lg-3 col-12\">\r\n                                <div class=\"cfd-box\">\r\n                                    <h5>Effet de levier pour des rendements accrus<\/h5>\r\n                                    <p>Contr\u00f4lez des positions plus importantes avec une fraction de la valeur totale, offrant ainsi la possibilit\u00e9 de rendements accrus (ainsi que des risques). L&rsquo;effet de levier apporte de la flexibilit\u00e9 \u00e0 votre strat\u00e9gie de trading, vous permettant d&rsquo;optimiser la taille de vos positions et de tirer le meilleur parti des opportunit\u00e9s de march\u00e9.<\/p>\r\n                                <\/div>\r\n                            <\/div>\r\n                            <div class=\"col-lg-3 col-12\">\r\n                                <div class=\"cfd-box\">\r\n                                    <h5>Opportunit\u00e9s de trading \u00e0 la baisse<\/h5>\r\n                                    <p>Profitez des opportunit\u00e9s tant dans les march\u00e9s haussiers que baissiers avec KinMarkets. Notre plateforme vous permet de prendre des positions longues (achat) ou courtes (vente) sur les indices, vous offrant ainsi la flexibilit\u00e9 de tirer profit des tendances haussi\u00e8res comme des retournements de march\u00e9 sans poss\u00e9der physiquement les actifs.<\/p>\r\n                                <\/div>\r\n                            <\/div>\r\n                            <div class=\"col-lg-3 col-12\">\r\n                                <div class=\"cfd-box\">\r\n                                    <h5>Ressources \u00e9ducatives et support<\/h5>\r\n                                    <p>Acc\u00e9dez \u00e0 des webinaires, tutoriels et analyses d&rsquo;experts d\u00e9di\u00e9s au trading des indices en CFD. B\u00e9n\u00e9ficiez \u00e9galement d\u2019un service client r\u00e9actif, disponible 24h\/24, 5j\/7, pour vous accompagner tout au long de votre parcours de trading.<\/p>\r\n                                <\/div>\r\n                            <\/div>\r\n                        <\/div>\r\n                    <\/div>\r\n                <\/div>\r\n            <\/div>\r\n        <\/div>\r\n    <\/div>\r\n\r\n    <div class=\"inner-page-top\">\r\n        <div class=\"container\">\r\n            <div class=\"mastering-forex-market\">\r\n                <div class=\"row\">\r\n                    <div class=\"col-12\">\r\n                        <h5>Explorez les march\u00e9s mondiaux avec KinMarkets gr\u00e2ce au trading dynamique des indices via les Contrats sur la Diff\u00e9rence (CFD). Notre plateforme est con\u00e7ue pour offrir aux traders des opportunit\u00e9s incomparables de tirer profit de la performance d\u2019un march\u00e9 entier ou de secteurs sp\u00e9cifiques sans d\u00e9tenir physiquement les actifs sous-jacents.<\/h5>\r\n                    <\/div>\r\n                    <div class=\"col-lg-4 col-12\">\r\n                        <div class=\"m-box\">\r\n                            <h5>Mettez en \u0153uvre des strat\u00e9gies de gestion des risques rigoureuses, en utilisant des ordres stop-loss pr\u00e9cis et en respectant des ratios risque\/rendement calcul\u00e9s.<\/h5>\r\n                        <\/div>\r\n                    <\/div>\r\n                    <div class=\"col-lg-4 col-12\">\r\n                        <div class=\"m-box\">\r\n                            <h5>Positionnez vos trades avec pr\u00e9cision en comprenant le contexte \u00e9conomique global et les tendances du march\u00e9.<\/h5>\r\n                        <\/div>\r\n                    <\/div>\r\n                    <div class=\"col-lg-4 col-12\">\r\n                        <div class=\"m-box\">\r\n                            <h5>Restez agile face aux fluctuations du march\u00e9 en ajustant votre strat\u00e9gie pour saisir les opportunit\u00e9s \u00e9mergentes.<\/h5>\r\n                        <\/div>\r\n                    <\/div>\r\n                <\/div>\r\n            <\/div>\r\n\r\n            <div class=\"advance-charting\">\r\n                <div class=\"row align-items-center\">\r\n                    <div class=\"col-lg-6 col-12\">\r\n                        <div class=\"left-side\">\r\n                            <h2>Pourquoi trader les indices en CFD avec KinMarkets ?<\/h2>\r\n                            <p>Se lancer dans le trading des indices en CFD avec KinMarkets, c\u2019est acc\u00e9der \u00e0 un univers d\u2019opportunit\u00e9s et d\u2019avantages sans pr\u00e9c\u00e9dent. Notre plateforme incarne l\u2019innovation, red\u00e9finissant le paysage du trading mondial des indices. Ce qui distingue KinMarkets, ce n\u2019est pas seulement sa technologie, mais aussi l\u2019exp\u00e9rience globale qu\u2019elle offre aux traders \u00e0 la recherche de confiance et d\u2019innovation dans leurs investissements financiers.<\/p>\r\n                            <p>Au c\u0153ur de KinMarkets se trouve un engagement \u00e0 repousser les limites traditionnelles, en offrant aux traders une exp\u00e9rience qui va au-del\u00e0 de l\u2019ordinaire.<\/p>\r\n                        <\/div>\r\n                    <\/div>\r\n                    <div class=\"col-lg-5 offset-lg-1 col-12\">\r\n                        <img decoding=\"async\" src=\"\/wp-content\/themes\/website-theme\/images\/ind-img.png\" alt=\"\" class=\"img-fluid\">\r\n                    <\/div>\r\n                <\/div>\r\n            <\/div>\r\n        <\/div>\r\n    <\/div>\r\n\r\n    <div class=\"clearfix\"><\/div>\r\n<\/div>\r\n","protected":false},"excerpt":{"rendered":"Comprendre les CFD dans le Forex : D\u00e9couvrez les avantages uniques du trading Forex via les CFD. VXMMarkets vous permet de sp\u00e9culer sur les mouvements de prix des devises sans poss\u00e9der les devises elles-m\u00eames. Effet de levier pour des rendements accrus Contr\u00f4lez des positions plus importantes avec une fraction de la valeur totale, offrant ainsi &hellip;","protected":false},"author":1,"featured_media":0,"parent":0,"menu_order":0,"comment_status":"closed","ping_status":"closed","template":"fullwidth-page.php","meta":{"footnotes":""},"class_list":["post-259","page","type-page","status-publish","hentry"],"_links":{"self":[{"href":"https:\/\/kinmarkets.com\/fr\/wp-json\/wp\/v2\/pages\/259","targetHints":{"allow":["GET"]}}],"collection":[{"href":"https:\/\/kinmarkets.com\/fr\/wp-json\/wp\/v2\/pages"}],"about":[{"href":"https:\/\/kinmarkets.com\/fr\/wp-json\/wp\/v2\/types\/page"}],"author":[{"embeddable":true,"href":"https:\/\/kinmarkets.com\/fr\/wp-json\/wp\/v2\/users\/1"}],"replies":[{"embeddable":true,"href":"https:\/\/kinmarkets.com\/fr\/wp-json\/wp\/v2\/comments?post=259"}],"version-history":[{"count":2,"href":"https:\/\/kinmarkets.com\/fr\/wp-json\/wp\/v2\/pages\/259\/revisions"}],"predecessor-version":[{"id":435,"href":"https:\/\/kinmarkets.com\/fr\/wp-json\/wp\/v2\/pages\/259\/revisions\/435"}],"wp:attachment":[{"href":"https:\/\/kinmarkets.com\/fr\/wp-json\/wp\/v2\/media?parent=259"}],"curies":[{"name":"wp","href":"https:\/\/api.w.org\/{rel}","templated":true}]}}