{"id":260,"date":"2024-09-03T12:05:38","date_gmt":"2024-09-03T12:05:38","guid":{"rendered":"https:\/\/kinmarkets.com\/legal-information\/"},"modified":"2026-03-30T13:19:16","modified_gmt":"2026-03-30T13:19:16","slug":"legal-information","status":"publish","type":"page","link":"https:\/\/kinmarkets.com\/fr\/legal-information\/","title":{"rendered":"Legal Information"},"content":{"rendered":"<div class=\"inner-page-wrap legal-page\">\r\n    <div class=\"inner-page-top\">\r\n     <div class=\"container\">\r\n        <div class=\"row\">\r\n           <div class=\"col-lg-12\">\r\n            <h3>Informations l\u00e9gales<\/h3>\r\n            <h2>R\u00e9glementation<\/h2>\r\n            <p>Bienvenue chez KinMarkets. Avant d\u2019utiliser notre plateforme de trading et nos services, nous vous encourageons \u00e0 lire attentivement les informations juridiques suivantes. En acc\u00e9dant \u00e0 KinMarkets et en l\u2019utilisant, vous acceptez de vous conformer aux termes et conditions d\u00e9crits dans cette section.<\/p>\r\n            <p>Les documents juridiques applicables \u00e0 toute interaction avec les utilisateurs du site sont les suivants :<\/p>\r\n           <\/div>\r\n       <\/div>\r\n       <div class=\"legal-box-wrap\">\r\n       <div class=\"row\">\r\n          <div class=\"col-lg-4\">\r\n               <div class=\"legal-box\">\r\n                <div class=\"icon pdf-icon\"><\/div>\r\n                <h3>Politique AML &#038; KYC<\/h3>\r\n                <a href=\"\/wp-content\/themes\/website-theme\/images\/pdf\/AML_KYC_Policy.pdf\" class=\"common-btn\">Cliquez ici<\/a>\t\t\t\t\t\r\n               <\/div>\r\n          <\/div>\r\n          <div class=\"col-lg-4\">\r\n               <div class=\"legal-box\">\r\n                <div class=\"icon pdf-icon\"><\/div>\r\n                <h3>Conditions g\u00e9n\u00e9rales<\/h3>\r\n                <a href=\"\/wp-content\/themes\/website-theme\/images\/pdf\/Terms_and_conditions.pdf\" class=\"common-btn\">Cliquez ici<\/a>\t\t\t\t\t\r\n               <\/div>\r\n          <\/div>\r\n          <div class=\"col-lg-4\">\r\n               <div class=\"legal-box\">\r\n                <div class=\"icon pdf-icon\"><\/div>\r\n                <h3>Politique de confidentialit\u00e9<\/h3>\r\n                <a href=\"\/wp-content\/themes\/website-theme\/images\/pdf\/Privacy_Policy.pdf\" class=\"common-btn\">Cliquez ici<\/a>\t\t\t\t\t\r\n               <\/div>\r\n          <\/div>\r\n          <div class=\"col-lg-4\">\r\n               <div class=\"legal-box\">\r\n                <div class=\"icon pdf-icon\"><\/div>\r\n                <h3>D\u00e9claration de divulgation des risques<\/h3>\r\n                <a href=\"\/wp-content\/themes\/website-theme\/images\/pdf\/Risk_disclosure_statement.pdf\" class=\"common-btn\">Cliquez ici<\/a>\t\t\t\t\t\r\n               <\/div>\r\n          <\/div>\r\n          <div class=\"col-lg-4\">\r\n               <div class=\"legal-box\">\r\n                <div class=\"icon pdf-icon\"><\/div>\r\n                <h3>Politique de remboursement<\/h3>\r\n                <a href=\"\/wp-content\/themes\/website-theme\/images\/pdf\/Refunds_Policy.pdf\" class=\"common-btn\">Cliquez ici<\/a>\t\t\t\t\t\r\n               <\/div>\r\n          <\/div>\r\n           <div class=\"col-lg-4\">\r\n               <div class=\"legal-box\">\r\n                <div class=\"icon pdf-icon\"><\/div>\r\n                <h3>Conditions de bonus<\/h3>\r\n                <a href=\"\/wp-content\/themes\/website-theme\/images\/pdf\/Bonus-terms-kin.pdf\" class=\"common-btn\">Cliquez ici<\/a>\t\t\t\t\t\r\n               <\/div>\r\n          <\/div>\r\n <div class=\"col-lg-4\">\r\n               <div class=\"legal-box\">\r\n                <div class=\"icon pdf-icon\"><\/div>\r\n              <h3>Processus de traitement des plaintes<\/h3>\r\n                        <a href=\"\/wp-content\/themes\/website-theme\/images\/pdf\/Complaint_handling process-Kin.pdf\" class=\"common-btn\">Cliquez ici<\/a>\t\t\t\t\t\r\n                <\/div>\r\n          <\/div>\r\n   <div class=\"col-lg-4\">\r\n               <div class=\"legal-box\">\r\n                <div class=\"icon pdf-icon\"><\/div>\r\n              <h3>Formulaire de r\u00e9clamation<\/h3>\r\n                        <a href=\"\/wp-content\/themes\/website-theme\/images\/pdf\/Complaints_form_kin.pdf\" class=\"common-btn\">Click Here<\/a>\t\t\t\t\t\r\n                <\/div>\r\n          <\/div>\r\n          <div class=\"col-lg-4\">\r\n               <div class=\"legal-box\">\r\n                <div class=\"icon pdf-icon\"><\/div>\r\n              <h3>Frais d&rsquo;administration<\/h3>\r\n                        <a href=\"\/wp-content\/themes\/website-theme\/images\/pdf\/Ad_Fees.pdf\" class=\"common-btn\">Cliquez ici<\/a>\t\t\t\t\t\r\n                <\/div>\r\n          <\/div>\r\n         <\/div>\r\n      <\/div>\r\n     <\/div>\r\n  <\/div>\r\n<\/div>\r\n","protected":false},"excerpt":{"rendered":"Informations l\u00e9gales R\u00e9glementation Bienvenue chez KinMarkets. Avant d\u2019utiliser notre plateforme de trading et nos services, nous vous encourageons \u00e0 lire attentivement les informations juridiques suivantes. En acc\u00e9dant \u00e0 KinMarkets et en l\u2019utilisant, vous acceptez de vous conformer aux termes et conditions d\u00e9crits dans cette section. Les documents juridiques applicables \u00e0 toute interaction avec les utilisateurs &hellip;","protected":false},"author":1,"featured_media":0,"parent":0,"menu_order":0,"comment_status":"closed","ping_status":"closed","template":"fullwidth-page.php","meta":{"footnotes":""},"class_list":["post-260","page","type-page","status-publish","hentry"],"_links":{"self":[{"href":"https:\/\/kinmarkets.com\/fr\/wp-json\/wp\/v2\/pages\/260","targetHints":{"allow":["GET"]}}],"collection":[{"href":"https:\/\/kinmarkets.com\/fr\/wp-json\/wp\/v2\/pages"}],"about":[{"href":"https:\/\/kinmarkets.com\/fr\/wp-json\/wp\/v2\/types\/page"}],"author":[{"embeddable":true,"href":"https:\/\/kinmarkets.com\/fr\/wp-json\/wp\/v2\/users\/1"}],"replies":[{"embeddable":true,"href":"https:\/\/kinmarkets.com\/fr\/wp-json\/wp\/v2\/comments?post=260"}],"version-history":[{"count":7,"href":"https:\/\/kinmarkets.com\/fr\/wp-json\/wp\/v2\/pages\/260\/revisions"}],"predecessor-version":[{"id":495,"href":"https:\/\/kinmarkets.com\/fr\/wp-json\/wp\/v2\/pages\/260\/revisions\/495"}],"wp:attachment":[{"href":"https:\/\/kinmarkets.com\/fr\/wp-json\/wp\/v2\/media?parent=260"}],"curies":[{"name":"wp","href":"https:\/\/api.w.org\/{rel}","templated":true}]}}