{"id":261,"date":"2024-09-03T14:09:03","date_gmt":"2024-09-03T14:09:03","guid":{"rendered":"https:\/\/kinmarkets.com\/platform\/"},"modified":"2025-06-24T05:16:55","modified_gmt":"2025-06-24T05:16:55","slug":"platform","status":"publish","type":"page","link":"https:\/\/kinmarkets.com\/fr\/platform\/","title":{"rendered":"Platform"},"content":{"rendered":"<div class=\"inner-page-wrap platform-page\">\r\n    <div class=\"container\">\r\n    <div class=\"row\">\r\n            <div class=\"col-lg-6\">\r\n                   <h2>D\u00e9couvrez <span>la libert\u00e9 du trading Web avec KinMarkets<\/span><\/h2>\r\n                   <h4>Pourquoi choisir le trading Web ?<\/h4>\r\n                   <p>Dans un monde qui ne dort jamais, la possibilit\u00e9 de trader \u00e0 votre convenance est inestimable. Le trading Web vous permet de saisir les opportunit\u00e9s et de g\u00e9rer vos investissements sans \u00eatre attach\u00e9 \u00e0 un ordinateur de bureau. Voici pourquoi vous devriez envisager le trading Web avec KinMarkets :<\/p>\r\n             <\/div>\r\n             <div class=\"col-lg-6\">\r\n                   <img decoding=\"async\" class=\"img-fluid\" src=\"\/wp-content\/themes\/website-theme\/images\/pla-img-01.jpg\" alt=\"\">\r\n             <\/div>\r\n     <\/div>\r\n     <\/div>\r\n         \r\n    <div class=\"inner-page-top\">\r\n       <div class=\"container\">\r\n          <div class=\"platform-page-wrap\">\r\n          <div class=\"row\">\r\n            <div class=\"col-md-6\">\r\n                   <div class=\"platform-box\">\r\n                      <h3>Connectivit\u00e9 fluide<\/h3>\r\n                      <ul class=\"list\">\r\n                         <li>Restez connect\u00e9 aux march\u00e9s financiers 24h\/24 et 7j\/7, afin de ne jamais manquer une opportunit\u00e9 de trading.<\/li>\r\n                         <li>Acc\u00e9dez \u00e0 votre compte d\u2019un simple clic, que vous soyez chez vous, dans un caf\u00e9 ou en d\u00e9placement.<\/li>\r\n                      <\/ul>\t\t\t\t\t\t\r\n                      <\/div>\r\n             <\/div>\r\n            <div class=\"col-md-6\">\r\n                   <div class=\"platform-box\">\r\n                      <h3>Ex\u00e9cution instantan\u00e9e des transactions<\/h3>\r\n                      <ul class=\"list\">\r\n                         <li>Ex\u00e9cutez vos ordres instantan\u00e9ment gr\u00e2ce \u00e0 une interface mobile conviviale et r\u00e9active.<\/li>\r\n                         <li>R\u00e9agissez rapidement aux fluctuations du march\u00e9 et profitez des tendances \u00e9mergentes ou des opportunit\u00e9s.<\/li>\r\n                      <\/ul>\t\t\t\t\t\t\r\n                      <\/div>\r\n             <\/div>\r\n            <div class=\"col-md-6\">\r\n                   <div class=\"platform-box\">\r\n                      <h3>Gestion efficace des ordres<\/h3>\r\n                      <ul class=\"list\">\r\n                         <li>G\u00e9rez vos transactions efficacement en d\u00e9finissant des ordres stop-loss, des niveaux de take-profit et des ordres en attente, directement depuis votre ordinateur ou appareil mobile.<\/li>\r\n                         <li>Profitez des m\u00eames fonctionnalit\u00e9s de gestion d\u2019ordres que sur la plateforme de bureau.<\/li>\r\n                      <\/ul>\t\t\t\t\t\t\r\n                      <\/div>\r\n             <\/div>\r\n            <div class=\"col-md-6\">\r\n                <div class=\"platform-box\">\r\n                 <h3>Acc\u00e8s s\u00e9curis\u00e9<\/h3>\r\n                 <ul class=\"list\">\r\n                    <li>B\u00e9n\u00e9ficiez de proc\u00e9dures de connexion s\u00e9curis\u00e9es et du chiffrement des donn\u00e9es pour garantir la s\u00e9curit\u00e9 de vos informations de compte.<\/li>\r\n                    <li>Activez l\u2019authentification \u00e0 deux facteurs pour une couche de s\u00e9curit\u00e9 suppl\u00e9mentaire.<\/li>\r\n                 <\/ul>\t\t\t\t\t\t\r\n                 <\/div>\r\n          <\/div>\r\n    <\/div>\r\n  <\/div>\r\n  \r\n  <div class=\"row\">\r\n     <div class=\"col-lg-6\">\r\n                 <h2><span>Faites le<\/span> prochain pas <span>dans le trading Web<\/span><\/h2>\r\n                 <p>D\u00e9bloquez tout le potentiel du trading Web avec KinMarkets et d\u00e9couvrez la libert\u00e9 de trader \u00e0 tout moment et en tout lieu. Les march\u00e9s financiers sont \u00e0 port\u00e9e de main \u2013 lancez votre parcours de trading Web avec KinMarkets.<\/p>\r\n             <\/div>\r\n             <div class=\"col-lg-6\">\r\n                   <img decoding=\"async\" class=\"img-fluid\" src=\"\/wp-content\/themes\/website-theme\/images\/pla-img-02.png\" alt=\"\">\r\n             <\/div>\t   \r\n <\/div>\r\n<\/div>\r\n<\/div>\r\n\r\n\r\n<\/div>\r\n","protected":false},"excerpt":{"rendered":"D\u00e9couvrez la libert\u00e9 du trading Web avec KinMarkets Pourquoi choisir le trading Web ? Dans un monde qui ne dort jamais, la possibilit\u00e9 de trader \u00e0 votre convenance est inestimable. Le trading Web vous permet de saisir les opportunit\u00e9s et de g\u00e9rer vos investissements sans \u00eatre attach\u00e9 \u00e0 un ordinateur de bureau. Voici pourquoi vous &hellip;","protected":false},"author":1,"featured_media":0,"parent":0,"menu_order":0,"comment_status":"closed","ping_status":"closed","template":"fullwidth-page.php","meta":{"footnotes":""},"class_list":["post-261","page","type-page","status-publish","hentry"],"_links":{"self":[{"href":"https:\/\/kinmarkets.com\/fr\/wp-json\/wp\/v2\/pages\/261","targetHints":{"allow":["GET"]}}],"collection":[{"href":"https:\/\/kinmarkets.com\/fr\/wp-json\/wp\/v2\/pages"}],"about":[{"href":"https:\/\/kinmarkets.com\/fr\/wp-json\/wp\/v2\/types\/page"}],"author":[{"embeddable":true,"href":"https:\/\/kinmarkets.com\/fr\/wp-json\/wp\/v2\/users\/1"}],"replies":[{"embeddable":true,"href":"https:\/\/kinmarkets.com\/fr\/wp-json\/wp\/v2\/comments?post=261"}],"version-history":[{"count":3,"href":"https:\/\/kinmarkets.com\/fr\/wp-json\/wp\/v2\/pages\/261\/revisions"}],"predecessor-version":[{"id":426,"href":"https:\/\/kinmarkets.com\/fr\/wp-json\/wp\/v2\/pages\/261\/revisions\/426"}],"wp:attachment":[{"href":"https:\/\/kinmarkets.com\/fr\/wp-json\/wp\/v2\/media?parent=261"}],"curies":[{"name":"wp","href":"https:\/\/api.w.org\/{rel}","templated":true}]}}