{"id":262,"date":"2024-09-09T05:55:54","date_gmt":"2024-09-09T05:55:54","guid":{"rendered":"https:\/\/kinmarkets.com\/stocks\/"},"modified":"2025-06-24T05:35:19","modified_gmt":"2025-06-24T05:35:19","slug":"stocks","status":"publish","type":"page","link":"https:\/\/kinmarkets.com\/fr\/stocks\/","title":{"rendered":"Stocks"},"content":{"rendered":"<div class=\"inner-page-wrap stock-page\">\r\n    <div class=\"container\">\r\n        <div class=\"advance-charting\">\r\n            <div class=\"row align-items-center\">\r\n                <div class=\"col-lg-6 col-12\">\r\n                    <div class=\"left-side\">\r\n                        <h2>Pourquoi trader des actions en CFD avec KinMarkets ?<\/h2>\r\n                        <h5>KinMarkets propose une large gamme de CFD sur des actions mondiales, offrant un acc\u00e8s \u00e0 une s\u00e9lection diversifi\u00e9e d\u2019entreprises issues de diff\u00e9rents secteurs et industries.<\/h5>\r\n                    <\/div>\r\n                <\/div>\r\n                <div class=\"col-lg-6 col-12\">\r\n                    <img decoding=\"async\" src=\"\/wp-content\/themes\/website-theme\/images\/pla-img-01.jpg\" alt=\"\" class=\"img-fluid\">\r\n                <\/div>\r\n            <\/div>\r\n        <\/div>\r\n    <\/div>\r\n\r\n    <div class=\"inner-page-top\">\r\n        <div class=\"container\">\r\n            <div class=\"row\">\r\n                <div class=\"col-12\">\r\n                    <div class=\"power-of-cfd\">\r\n                        <div class=\"cfd-boxes\">\r\n                            <div class=\"row\">\r\n                                <div class=\"col-lg-6 col-12\">\r\n                                    <div class=\"cfd-box\">\r\n                                        <h5>Tarification comp\u00e9titive et frais transparents : maximisez vos rendements dans le trading de CFD sur actions<\/h5>\r\n                                        <p>Chez KinMarkets, nous mettons votre succ\u00e8s au premier plan en proposant une tarification comp\u00e9titive et des frais transparents pour le trading de CFD sur actions. Notre objectif est d\u2019offrir une structure tarifaire claire et rentable, vous permettant de maximiser vos rendements sur les march\u00e9s actions dynamiques.<\/p>\r\n                                    <\/div>\r\n                                <\/div>\r\n                                <div class=\"col-lg-6 col-12\">\r\n                                    <div class=\"cfd-box\">\r\n                                        <h5>Types d\u2019ordres avanc\u00e9s : personnalisez votre pr\u00e9cision de trading dans les CFD sur actions<\/h5>\r\n                                        <p>Chez KinMarkets, nous offrons aux traders des types d\u2019ordres avanc\u00e9s, une suite d\u2019outils vous permettant d\u2019affiner votre pr\u00e9cision de trading. D\u00e9couvrez les diff\u00e9rentes options d\u2019ordre pour ex\u00e9cuter vos trades avec justesse, g\u00e9rer les risques efficacement et optimiser votre strat\u00e9gie globale.<\/p>\r\n                                    <\/div>\r\n                                <\/div>\r\n                            <\/div>\r\n                        <\/div>\r\n                    <\/div>\r\n                <\/div>\r\n            <\/div>\r\n\r\n            <div class=\"diverse-stock\">\r\n                <div class=\"row\">\r\n                    <div class=\"col-lg-4 col-12\">\r\n                        <div class=\"diverse-box\">\r\n                            <span class=\"icon st01\"><\/span>\r\n                            <h3>Actions diversifi\u00e9es<\/h3>\r\n                            <p>KinMarkets propose une s\u00e9lection vari\u00e9e de CFD sur des actions mondiales, offrant un acc\u00e8s \u00e0 des entreprises renomm\u00e9es de diff\u00e9rents secteurs d\u2019activit\u00e9.<\/p>\r\n                        <\/div>\r\n                    <\/div>\r\n                    <div class=\"col-lg-4 col-12\">\r\n                        <div class=\"diverse-box\">\r\n                            <span class=\"icon st02\"><\/span>\r\n                            <h3>Avantage du levier<\/h3>\r\n                            <p>Le levier ajoute de la flexibilit\u00e9 \u00e0 votre strat\u00e9gie de trading, vous permettant d\u2019optimiser la taille de vos positions et de profiter des opportunit\u00e9s du march\u00e9 actions.<\/p>\r\n                        <\/div>\r\n                    <\/div>\r\n                    <div class=\"col-lg-4 col-12\">\r\n                        <div class=\"diverse-box\">\r\n                            <span class=\"icon st03\"><\/span>\r\n                            <h3>Ressources \u00e9ducatives<\/h3>\r\n                            <p>Renforcez votre parcours de trading avec les ressources p\u00e9dagogiques compl\u00e8tes de KinMarkets. Restez inform\u00e9 et am\u00e9liorez vos comp\u00e9tences pour naviguer efficacement sur les march\u00e9s financiers.<\/p>\r\n                        <\/div>\r\n                    <\/div>\r\n                <\/div>\r\n            <\/div>\r\n        <\/div>\r\n    <\/div>\r\n\r\n    <div class=\"clearfix\"><\/div>\r\n<\/div>\r\n","protected":false},"excerpt":{"rendered":"Pourquoi trader des actions en CFD avec KinMarkets ? KinMarkets propose une large gamme de CFD sur des actions mondiales, offrant un acc\u00e8s \u00e0 une s\u00e9lection diversifi\u00e9e d\u2019entreprises issues de diff\u00e9rents secteurs et industries. Tarification comp\u00e9titive et frais transparents : maximisez vos rendements dans le trading de CFD sur actions Chez KinMarkets, nous mettons votre &hellip;","protected":false},"author":1,"featured_media":0,"parent":0,"menu_order":0,"comment_status":"closed","ping_status":"closed","template":"fullwidth-page.php","meta":{"footnotes":""},"class_list":["post-262","page","type-page","status-publish","hentry"],"_links":{"self":[{"href":"https:\/\/kinmarkets.com\/fr\/wp-json\/wp\/v2\/pages\/262","targetHints":{"allow":["GET"]}}],"collection":[{"href":"https:\/\/kinmarkets.com\/fr\/wp-json\/wp\/v2\/pages"}],"about":[{"href":"https:\/\/kinmarkets.com\/fr\/wp-json\/wp\/v2\/types\/page"}],"author":[{"embeddable":true,"href":"https:\/\/kinmarkets.com\/fr\/wp-json\/wp\/v2\/users\/1"}],"replies":[{"embeddable":true,"href":"https:\/\/kinmarkets.com\/fr\/wp-json\/wp\/v2\/comments?post=262"}],"version-history":[{"count":2,"href":"https:\/\/kinmarkets.com\/fr\/wp-json\/wp\/v2\/pages\/262\/revisions"}],"predecessor-version":[{"id":437,"href":"https:\/\/kinmarkets.com\/fr\/wp-json\/wp\/v2\/pages\/262\/revisions\/437"}],"wp:attachment":[{"href":"https:\/\/kinmarkets.com\/fr\/wp-json\/wp\/v2\/media?parent=262"}],"curies":[{"name":"wp","href":"https:\/\/api.w.org\/{rel}","templated":true}]}}